{"id":14963,"date":"2017-12-18T14:14:14","date_gmt":"2017-12-18T13:14:14","guid":{"rendered":"http:\/\/beta.avirondijonnais.com\/?page_id=14963"},"modified":"2026-02-08T19:49:21","modified_gmt":"2026-02-08T18:49:21","slug":"presentation-du-club","status":"publish","type":"page","link":"http:\/\/avirondijonnais.com\/index.php\/presentation-du-club\/","title":{"rendered":"Pr\u00e9sentation du club"},"content":{"rendered":"<div class=\"wpb-content-wrapper\"><p>[vc_row][vc_column]<div class=\"dt-fancy-separator h1-size style-disabled\" style=\"width: 100%;\"><div class=\"dt-fancy-title\" style=\"color: #1e73be;\"><span class=\"separator-holder separator-left\"><\/span>PR\u00c9SENTATION DU CLUB<span class=\"separator-holder separator-right\"><\/span><\/div><\/div>[vc_separator color=\u00a0\u00bbwhite\u00a0\u00bb border_width=\u00a0\u00bb6&Prime;][vc_separator style=\u00a0\u00bbshadow\u00a0\u00bb border_width=\u00a0\u00bb7&Prime;][\/vc_column][\/vc_row][vc_row][vc_column width=\u00a0\u00bb1\/2&Prime;][vc_column_text]<\/p>\n<p style=\"text-align: justify;\"><span style=\"color: #000000; font-size: 18px; line-height: 1.5;\">L&rsquo;Aviron Dijonnais est un club <strong><a class=\"liencontenu\" style=\"color: #cc3f3f; font-weight: bold;\" href=\"http:\/\/avirondijonnais.com\/index.php\/laviron\/\">d&rsquo;aviron<\/a> <\/strong>dynamique comptant d\u00e9j\u00e0 plus d&rsquo;une centaine de membres. Que vous cherchiez une activit\u00e9 sportive intense ou un simple moment de d\u00e9tente convivial pour vous changer les id\u00e9es, n&rsquo;h\u00e9sitez pas une seconde. Il accueille des personnes de tout \u00e2ge et de tous horizons voulant d\u00e9couvrir ce sport, sans distinction. Vous y serez re\u00e7u avec le sourire, dans une ambiance sympathique, sportive et comp\u00e9titive, pour partager cette passion de la glisse et des sports nautiques. Novices ou exp\u00e9riment\u00e9s nous accueillons tout type de profil.<\/span><\/p>\n<p>[\/vc_column_text][vc_column_text]<\/p>\n<p style=\"text-align: justify;\"><span style=\"color: #000000; font-size: 18px; line-height: 1.5;\">Vous pr\u00e9f\u00e9rez le c\u00f4t\u00e9 nature et d\u00e9tente ? Rejoignez-nous et int\u00e9grer la section loisir ! Vous pourrez alors ramer seul ou en \u00e9quipage dans des bateaux moins capricieux, qui n&rsquo;alt\u00e8rent cependant en rien le plaisir de la glisse : faites moins d\u2019efforts et amusez vous tout autant !<\/span><\/p>\n<p>[\/vc_column_text][vc_column_text]<\/p>\n<p style=\"text-align: justify;\"><span style=\"color: #000000; font-size: 18px; line-height: 1.5;\">Si vous avez le go\u00fbt de l&rsquo;effort, si vous aimez vous surpasser, int\u00e9grez la section comp\u00e9tition et participez \u00e0 des entra\u00eenements intenses ! Pour pr\u00e9parer les r\u00e9gates r\u00e9gionales, nationales et m\u00eame internationales auxquelles le club participe r\u00e9guli\u00e8rement. Profitez d\u2019une ambiance conviviale et amicale o\u00f9 la comp\u00e9tition permet le d\u00e9passement personnel ! Chaque ann\u00e9e, des rameurs et rameuses de l\u2019Aviron \u00a0Dijonnais se pr\u00e9sentent au d\u00e9part des courses, de minimes aux v\u00e9t\u00e9rans et ils terminent parfois aux premi\u00e8res places !<\/span><\/p>\n<p>[\/vc_column_text][vc_column_text css=\u00a0\u00bb\u00a0\u00bb]<\/p>\n<p style=\"text-align: justify;\"><span style=\"color: #000000; font-size: 18px; line-height: 1.5;\">Vous pourrez aussi participer \u00e0 des randonn\u00e9es nautiques comme la <strong>travers\u00e9e de Paris<\/strong><strong>,<\/strong> la <strong>descente de la Loire<\/strong> ou encore la <strong>descente de la Sa\u00f4ne<\/strong>, o\u00f9 vous rencontrerez des rameurs et rameuses venus de toute la France. Vous pourrez d\u00e9couvrir la France et ses paysages in\u00e9dits dans une d\u00e9marche \u00e9cologique et \u00e9galement vous retrouver dans des situations improbables comme \u00e0 l&rsquo;int\u00e9rieur d&rsquo;une \u00e9cluse !<\/span><\/p>\n<p>[\/vc_column_text][vc_column_text]<\/p>\n<p style=\"text-align: justify;\"><span style=\"color: #000000; font-size: 18px; line-height: 1.5;\">Si vous souhaitez plus de renseignements sur les activit\u00e9s que nous proposons ou les modalit\u00e9s d&rsquo;inscription, n&rsquo;h\u00e9sitez pas \u00e0 <strong><a class=\"liencontenu\" style=\"color: #cc3f3f; font-weight: bold;\" href=\"http:\/\/avirondijonnais.com\/index.php\/contact\/\">nous contacter<\/a><\/strong> ou consulter notre <strong><a class=\"liencontenu\" style=\"color: #cc3f3f; font-weight: bold;\" href=\"http:\/\/avirondijonnais.com\/index.php\/essayer-aviron\/\">page informative<\/a><\/strong>.<\/span><\/p>\n<p>[\/vc_column_text][vc_column_text]<span style=\"color: #000000; font-size: 18px;\">A bient\u00f4t !<\/span>[\/vc_column_text][\/vc_column][vc_column width=\u00a0\u00bb1\/2&Prime;][vc_single_image image=\u00a0\u00bb15317&Prime; img_size=\u00a0\u00bblarge\u00a0\u00bb css=\u00a0\u00bb.vc_custom_1516875795441{margin-left: 10px !important;}\u00a0\u00bb][\/vc_column][\/vc_row]<\/p>\n<\/div>","protected":false},"excerpt":{"rendered":"<p>[vc_row][vc_column][vc_separator color=\u00a0\u00bbwhite\u00a0\u00bb border_width=\u00a0\u00bb6&Prime;][vc_separator style=\u00a0\u00bbshadow\u00a0\u00bb border_width=\u00a0\u00bb7&Prime;][\/vc_column][\/vc_row][vc_row][vc_column width=\u00a0\u00bb1\/2&Prime;][vc_column_text] L&rsquo;Aviron Dijonnais est un club d&rsquo;aviron dynamique comptant d\u00e9j\u00e0 plus d&rsquo;une centaine de membres. Que vous cherchiez une activit\u00e9 sportive intense ou un simple moment de d\u00e9tente convivial pour vous changer les id\u00e9es, n&rsquo;h\u00e9sitez pas une seconde. Il accueille des personnes de tout \u00e2ge et de tous horizons voulant&hellip;<\/p>\n","protected":false},"author":1,"featured_media":0,"parent":0,"menu_order":0,"comment_status":"closed","ping_status":"closed","template":"","meta":{"footnotes":""},"class_list":["post-14963","page","type-page","status-publish","hentry","description-off"],"yoast_head":"<!-- This site is optimized with the Yoast SEO plugin v26.9 - https:\/\/yoast.com\/product\/yoast-seo-wordpress\/ -->\n<title>Pr\u00e9sentation du club - Aviron Dijonnais<\/title>\n<meta name=\"description\" content=\"Pr\u00e9sentation : L&#039;Aviron Dijonnais est un club d&#039;aviron dynamique comptant d\u00e9j\u00e0 plus d&#039;une centaine de membres. Que vous cherchiez une activit\u00e9 sportive intense ou un simple moment de d\u00e9tente convivial pour vous changer les id\u00e9es, n&#039;h\u00e9sitez pas une seconde.\" \/>\n<meta name=\"robots\" content=\"index, follow, max-snippet:-1, max-image-preview:large, max-video-preview:-1\" \/>\n<link rel=\"canonical\" href=\"https:\/\/avirondijonnais.com\/index.php\/presentation-du-club\/\" \/>\n<meta property=\"og:locale\" content=\"fr_FR\" \/>\n<meta property=\"og:type\" content=\"article\" \/>\n<meta property=\"og:title\" content=\"Pr\u00e9sentation du club - Aviron Dijonnais\" \/>\n<meta property=\"og:description\" content=\"Pr\u00e9sentation : L&#039;Aviron Dijonnais est un club d&#039;aviron dynamique comptant d\u00e9j\u00e0 plus d&#039;une centaine de membres. Que vous cherchiez une activit\u00e9 sportive intense ou un simple moment de d\u00e9tente convivial pour vous changer les id\u00e9es, n&#039;h\u00e9sitez pas une seconde.\" \/>\n<meta property=\"og:url\" content=\"https:\/\/avirondijonnais.com\/index.php\/presentation-du-club\/\" \/>\n<meta property=\"og:site_name\" content=\"Aviron Dijonnais\" \/>\n<meta property=\"article:modified_time\" content=\"2026-02-08T18:49:21+00:00\" \/>\n<meta name=\"twitter:card\" content=\"summary_large_image\" \/>\n<meta name=\"twitter:label1\" content=\"Dur\u00e9e de lecture estim\u00e9e\" \/>\n\t<meta name=\"twitter:data1\" content=\"2 minutes\" \/>\n<script type=\"application\/ld+json\" class=\"yoast-schema-graph\">{\"@context\":\"https:\/\/schema.org\",\"@graph\":[{\"@type\":\"WebPage\",\"@id\":\"https:\/\/avirondijonnais.com\/index.php\/presentation-du-club\/\",\"url\":\"https:\/\/avirondijonnais.com\/index.php\/presentation-du-club\/\",\"name\":\"Pr\u00e9sentation du club - Aviron Dijonnais\",\"isPartOf\":{\"@id\":\"http:\/\/avirondijonnais.com\/#website\"},\"datePublished\":\"2017-12-18T13:14:14+00:00\",\"dateModified\":\"2026-02-08T18:49:21+00:00\",\"description\":\"Pr\u00e9sentation : L'Aviron Dijonnais est un club d'aviron dynamique comptant d\u00e9j\u00e0 plus d'une centaine de membres. Que vous cherchiez une activit\u00e9 sportive intense ou un simple moment de d\u00e9tente convivial pour vous changer les id\u00e9es, n'h\u00e9sitez pas une seconde.\",\"breadcrumb\":{\"@id\":\"https:\/\/avirondijonnais.com\/index.php\/presentation-du-club\/#breadcrumb\"},\"inLanguage\":\"fr-FR\",\"potentialAction\":[{\"@type\":\"ReadAction\",\"target\":[\"https:\/\/avirondijonnais.com\/index.php\/presentation-du-club\/\"]}]},{\"@type\":\"BreadcrumbList\",\"@id\":\"https:\/\/avirondijonnais.com\/index.php\/presentation-du-club\/#breadcrumb\",\"itemListElement\":[{\"@type\":\"ListItem\",\"position\":1,\"name\":\"Accueil\",\"item\":\"http:\/\/avirondijonnais.com\/\"},{\"@type\":\"ListItem\",\"position\":2,\"name\":\"Pr\u00e9sentation du club\"}]},{\"@type\":\"WebSite\",\"@id\":\"http:\/\/avirondijonnais.com\/#website\",\"url\":\"http:\/\/avirondijonnais.com\/\",\"name\":\"Aviron Dijonnais\",\"description\":\"L&#039;aviron loisirs, pour les jeunes, pour tous \u00e0 Dijon sur le lac kir \u00e0 la base nautique\",\"potentialAction\":[{\"@type\":\"SearchAction\",\"target\":{\"@type\":\"EntryPoint\",\"urlTemplate\":\"http:\/\/avirondijonnais.com\/?s={search_term_string}\"},\"query-input\":{\"@type\":\"PropertyValueSpecification\",\"valueRequired\":true,\"valueName\":\"search_term_string\"}}],\"inLanguage\":\"fr-FR\"}]}<\/script>\n<!-- \/ Yoast SEO plugin. -->","yoast_head_json":{"title":"Pr\u00e9sentation du club - Aviron Dijonnais","description":"Pr\u00e9sentation : L'Aviron Dijonnais est un club d'aviron dynamique comptant d\u00e9j\u00e0 plus d'une centaine de membres. Que vous cherchiez une activit\u00e9 sportive intense ou un simple moment de d\u00e9tente convivial pour vous changer les id\u00e9es, n'h\u00e9sitez pas une seconde.","robots":{"index":"index","follow":"follow","max-snippet":"max-snippet:-1","max-image-preview":"max-image-preview:large","max-video-preview":"max-video-preview:-1"},"canonical":"https:\/\/avirondijonnais.com\/index.php\/presentation-du-club\/","og_locale":"fr_FR","og_type":"article","og_title":"Pr\u00e9sentation du club - Aviron Dijonnais","og_description":"Pr\u00e9sentation : L'Aviron Dijonnais est un club d'aviron dynamique comptant d\u00e9j\u00e0 plus d'une centaine de membres. Que vous cherchiez une activit\u00e9 sportive intense ou un simple moment de d\u00e9tente convivial pour vous changer les id\u00e9es, n'h\u00e9sitez pas une seconde.","og_url":"https:\/\/avirondijonnais.com\/index.php\/presentation-du-club\/","og_site_name":"Aviron Dijonnais","article_modified_time":"2026-02-08T18:49:21+00:00","twitter_card":"summary_large_image","twitter_misc":{"Dur\u00e9e de lecture estim\u00e9e":"2 minutes"},"schema":{"@context":"https:\/\/schema.org","@graph":[{"@type":"WebPage","@id":"https:\/\/avirondijonnais.com\/index.php\/presentation-du-club\/","url":"https:\/\/avirondijonnais.com\/index.php\/presentation-du-club\/","name":"Pr\u00e9sentation du club - Aviron Dijonnais","isPartOf":{"@id":"http:\/\/avirondijonnais.com\/#website"},"datePublished":"2017-12-18T13:14:14+00:00","dateModified":"2026-02-08T18:49:21+00:00","description":"Pr\u00e9sentation : L'Aviron Dijonnais est un club d'aviron dynamique comptant d\u00e9j\u00e0 plus d'une centaine de membres. Que vous cherchiez une activit\u00e9 sportive intense ou un simple moment de d\u00e9tente convivial pour vous changer les id\u00e9es, n'h\u00e9sitez pas une seconde.","breadcrumb":{"@id":"https:\/\/avirondijonnais.com\/index.php\/presentation-du-club\/#breadcrumb"},"inLanguage":"fr-FR","potentialAction":[{"@type":"ReadAction","target":["https:\/\/avirondijonnais.com\/index.php\/presentation-du-club\/"]}]},{"@type":"BreadcrumbList","@id":"https:\/\/avirondijonnais.com\/index.php\/presentation-du-club\/#breadcrumb","itemListElement":[{"@type":"ListItem","position":1,"name":"Accueil","item":"http:\/\/avirondijonnais.com\/"},{"@type":"ListItem","position":2,"name":"Pr\u00e9sentation du club"}]},{"@type":"WebSite","@id":"http:\/\/avirondijonnais.com\/#website","url":"http:\/\/avirondijonnais.com\/","name":"Aviron Dijonnais","description":"L&#039;aviron loisirs, pour les jeunes, pour tous \u00e0 Dijon sur le lac kir \u00e0 la base nautique","potentialAction":[{"@type":"SearchAction","target":{"@type":"EntryPoint","urlTemplate":"http:\/\/avirondijonnais.com\/?s={search_term_string}"},"query-input":{"@type":"PropertyValueSpecification","valueRequired":true,"valueName":"search_term_string"}}],"inLanguage":"fr-FR"}]}},"_links":{"self":[{"href":"http:\/\/avirondijonnais.com\/index.php\/wp-json\/wp\/v2\/pages\/14963","targetHints":{"allow":["GET"]}}],"collection":[{"href":"http:\/\/avirondijonnais.com\/index.php\/wp-json\/wp\/v2\/pages"}],"about":[{"href":"http:\/\/avirondijonnais.com\/index.php\/wp-json\/wp\/v2\/types\/page"}],"author":[{"embeddable":true,"href":"http:\/\/avirondijonnais.com\/index.php\/wp-json\/wp\/v2\/users\/1"}],"replies":[{"embeddable":true,"href":"http:\/\/avirondijonnais.com\/index.php\/wp-json\/wp\/v2\/comments?post=14963"}],"version-history":[{"count":49,"href":"http:\/\/avirondijonnais.com\/index.php\/wp-json\/wp\/v2\/pages\/14963\/revisions"}],"predecessor-version":[{"id":18320,"href":"http:\/\/avirondijonnais.com\/index.php\/wp-json\/wp\/v2\/pages\/14963\/revisions\/18320"}],"wp:attachment":[{"href":"http:\/\/avirondijonnais.com\/index.php\/wp-json\/wp\/v2\/media?parent=14963"}],"curies":[{"name":"wp","href":"https:\/\/api.w.org\/{rel}","templated":true}]}}