{"id":14969,"date":"2017-12-18T14:15:19","date_gmt":"2017-12-18T13:15:19","guid":{"rendered":"http:\/\/beta.avirondijonnais.com\/?page_id=14969"},"modified":"2021-09-19T17:36:50","modified_gmt":"2021-09-19T15:36:50","slug":"laviron","status":"publish","type":"page","link":"http:\/\/avirondijonnais.com\/index.php\/laviron\/","title":{"rendered":"L&rsquo;aviron"},"content":{"rendered":"<div class=\"wpb-content-wrapper\"><p>[vc_row full_width=\u00a0\u00bbstretch_row_content\u00a0\u00bb css=\u00a0\u00bb.vc_custom_1516876232219{padding-right: 50px !important;padding-left: 50px !important;}\u00a0\u00bb][vc_column]<div class=\"dt-fancy-separator h1-size style-disabled\" style=\"width: 100%;\"><div class=\"dt-fancy-title\" style=\"color: #5383d1;\"><span class=\"separator-holder separator-left\"><\/span>L&#039;AVIRON<span class=\"separator-holder separator-right\"><\/span><\/div><\/div>[vc_separator color=\u00a0\u00bbwhite\u00a0\u00bb border_width=\u00a0\u00bb6&Prime;][vc_separator style=\u00a0\u00bbshadow\u00a0\u00bb border_width=\u00a0\u00bb7&Prime;][vc_column_text css_animation=\u00a0\u00bbappear\u00a0\u00bb css=\u00a0\u00bb.vc_custom_1516800377014{padding-top: 40px !important;padding-right: 40px !important;padding-bottom: 40px !important;padding-left: 40px !important;background-color: #ffffff !important;}\u00a0\u00bb]<\/p>\n<p style=\"text-align: center;\"><span style=\"color: #000000; font-size: 18px;\"><em>L\u2019aviron est une discipline \u00e0 part dans le monde des sports nautiques et de glisse, o\u00f9 la vitesse compte autant que l\u2019endurance et la technique. L\u2019aviron est un sport tr\u00e8s ancien qui consiste \u00e0 propulser son bateau, que l\u2019on soit seul ou \u00e0 plusieurs, le plus rapidement possible \u00e0 l\u2019aide de ses rames : les fameux avirons.<\/em><\/span><\/p>\n<p>[\/vc_column_text][\/vc_column][\/vc_row][vc_row full_width=\u00a0\u00bbstretch_row_content\u00a0\u00bb css=\u00a0\u00bb.vc_custom_1516876245834{padding-right: 50px !important;padding-left: 50px !important;}\u00a0\u00bb][vc_column width=\u00a0\u00bb1\/2&Prime;]<div class=\"dt-fancy-separator h2-size accent-title-color\" style=\"width: 80%;\"><div class=\"dt-fancy-title bg-on\"><span class=\"separator-holder separator-left\"><\/span>Historique<span class=\"separator-holder separator-right\"><\/span><\/div><\/div>[vc_empty_space height=\u00a0\u00bb50px\u00a0\u00bb][vc_column_text]<\/p>\n<h3><strong>Une pratique ancestrale<\/strong><\/h3>\n<p style=\"text-align: justify; font-weight: 400; color: #000000; font-size: 18px;\">La pratique de la rame trouve ses origines d\u00e8s l&rsquo;Antiquit\u00e9, autant sur le Nil durant l&rsquo;\u00c9gypte antique qu&rsquo;en Gr\u00e8ce dans les c\u00e9l\u00e8bres r\u00e9cits d&rsquo;Hom\u00e8re : L&rsquo;Iliade et l&rsquo;Odyss\u00e9e.<\/p>\n<p>[\/vc_column_text][vc_column_text]<\/p>\n<h3><strong>R\u00e9invention de la rame<\/strong><\/h3>\n<p style=\"text-align: justify; font-weight: 400; color: #000000; font-size: 18px;\">L&rsquo;aviron tel que nous le connaissons aujourd&rsquo;hui trouve ses bases d\u00e8s le 17\u00e8me si\u00e8cle ; on parle alors de canotage ou rowing. Initialement consid\u00e9r\u00e9 comme un simple moyen de locomotion ou une pure pratique de plaisance, l&rsquo;aviron devient rapidement un sport \u00e0 part enti\u00e8re gr\u00e2ce \u00e0 l&rsquo;organisation de comp\u00e9titions.<\/p>\n<p style=\"text-align: justify; font-weight: 400; color: #000000; font-size: 18px;\">Certaines d&rsquo;entre elles existent d&rsquo;ailleurs toujours, comme la fameuse <a class=\"liencontenu\" style=\"color: #cc3f3f; font-weight: bold;\" href=\"https:\/\/en.wikipedia.org\/wiki\/Doggett%27s_Coat_and_Badge\">Doggett&rsquo;s Coat and Badge<\/a>, organis\u00e9e pour la premi\u00e8re fois en Angleterre en 1715.<br \/>\nDepuis l&rsquo;aviron est pr\u00e9sent \u00e0 chaque \u00e9dition des <a class=\"liencontenu\" style=\"color: #cc3f3f; font-weight: bold;\" href=\"https:\/\/olympics.com\/fr\/sports\/aviron\/\" target=\"_blank\" rel=\"noopener\">Jeux Olympiques<\/a> modernes.<\/p>\n<p>[\/vc_column_text]<div class=\"dt-fancy-separator h2-size accent-title-color\" style=\"width: 80%;\"><div class=\"dt-fancy-title bg-on\"><span class=\"separator-holder separator-left\"><\/span>La pratique<span class=\"separator-holder separator-right\"><\/span><\/div><\/div>[vc_empty_space height=\u00a0\u00bb50px\u00a0\u00bb][vc_column_text]<\/p>\n<h3 style=\"text-align: justify;\">La pratique sportive et comp\u00e9titive<\/h3>\n<p style=\"text-align: justify;\"><span style=\"font-weight: 400; color: #000000; font-size: 18px;\"><br \/>\nL\u2019aviron est un sport de vitesse tr\u00e8s technique qui consiste \u00e0 faire glisser son embarcation le plus rapidement possible sur l\u2019eau. La rame peut se pratiquer seul ou jusqu&rsquo;\u00e0 huit rameurs simultan\u00e9ment, plus un barreur charg\u00e9 de diriger le bateau. Il existe en tout huit fa\u00e7ons de pratiquer l\u2019aviron en comp\u00e9tition comme vous pouvez le voir <strong><a class=\"liencontenu\" style=\"color: #cc3f3f; font-weight: bold;\" href=\"https:\/\/www.youtube.com\/watch?v=hjJxTl6pDPk\" target=\"_blank\" rel=\"noopener\">sur cette infographie.<\/a><\/strong><\/span><\/p>\n<p>[\/vc_column_text][vc_column_text]<\/p>\n<h3>La pratique d\u00e9tente et randonn\u00e9es<\/h3>\n<p style=\"text-align: justify;\"><span style=\"font-weight: 400; color: #000000; font-size: 18px;\"><br \/>\nL\u2019aviron n\u2019est pas qu\u2019un sport de comp\u00e9tition, il est \u00e9galement parfait pour une pratique plus ludique. Seul ou en \u00e9quipe, ramer est la pratique id\u00e9ale pour se d\u00e9tendre en pleine nature ou participer \u00e0 des <strong><a href=\"https:\/\/www.ffaviron.fr\/pratiquer-aviron\/activites\/aviron-de-randonnee\" target=\"_blank\" rel=\"noopener\">randonn\u00e9es nautiques<\/a><\/strong> telles que la travers\u00e9e de Paris, de Lyon ou encore la descente de la Loire ! <\/span><\/p>\n<p style=\"text-align: justify;\"><span style=\"font-weight: 400; color: #000000; font-size: 18px;\">Notre club est \u00e9galement labellis\u00e9 <strong><a class=\"liencontenu\" style=\"color: #cc3f3f; font-weight: bold;\" href=\"http:\/\/avirondijonnais.com\/index.php\/club\/aviron-sante\/\">Aviron Sant\u00e9<\/a><\/strong> et donc form\u00e9 pour vous aider \u00e0 retrouver la forme apr\u00e8s une convalescence !\u00a0<\/span><\/p>\n<p>[\/vc_column_text][\/vc_column][vc_column width=\u00a0\u00bb1\/2&Prime;][vc_single_image image=\u00a0\u00bb15048&Prime; img_size=\u00a0\u00bbfull\u00a0\u00bb add_caption=\u00a0\u00bbyes\u00a0\u00bb alignment=\u00a0\u00bbcenter\u00a0\u00bb onclick=\u00a0\u00bbcustom_link\u00a0\u00bb img_link_target=\u00a0\u00bb_blank\u00a0\u00bb css_animation=\u00a0\u00bbfadeIn\u00a0\u00bb link=\u00a0\u00bbhttps:\/\/www.ffaviron.fr\/pratiquer-aviron\/pratiques\/aviron-de-riviere\u00a0\u00bb][\/vc_column][\/vc_row]<\/p>\n<\/div>","protected":false},"excerpt":{"rendered":"<p>[vc_row full_width=\u00a0\u00bbstretch_row_content\u00a0\u00bb css=\u00a0\u00bb.vc_custom_1516876232219{padding-right: 50px !important;padding-left: 50px !important;}\u00a0\u00bb][vc_column][vc_separator color=\u00a0\u00bbwhite\u00a0\u00bb border_width=\u00a0\u00bb6&Prime;][vc_separator style=\u00a0\u00bbshadow\u00a0\u00bb border_width=\u00a0\u00bb7&Prime;][vc_column_text css_animation=\u00a0\u00bbappear\u00a0\u00bb css=\u00a0\u00bb.vc_custom_1516800377014{padding-top: 40px !important;padding-right: 40px !important;padding-bottom: 40px !important;padding-left: 40px !important;background-color: #ffffff !important;}\u00a0\u00bb] L\u2019aviron est une discipline \u00e0 part dans le monde des sports nautiques et de glisse, o\u00f9 la vitesse compte autant que l\u2019endurance et la technique. L\u2019aviron est un sport tr\u00e8s ancien qui&hellip;<\/p>\n","protected":false},"author":1,"featured_media":0,"parent":0,"menu_order":0,"comment_status":"closed","ping_status":"closed","template":"","meta":{"footnotes":""},"class_list":["post-14969","page","type-page","status-publish","hentry","description-off"],"yoast_head":"<!-- This site is optimized with the Yoast SEO plugin v26.9 - https:\/\/yoast.com\/product\/yoast-seo-wordpress\/ -->\n<title>L&#039;aviron - Aviron Dijonnais<\/title>\n<meta name=\"description\" content=\"La pratique de l\u2019aviron est un sport tr\u00e8s ancien qui consiste \u00e0 propulser son bateau, que l\u2019on soit seul ou \u00e0 plusieurs, le plus rapidement possible \u00e0 l\u2019aide de ses rames : les fameux avirons.\" \/>\n<meta name=\"robots\" content=\"index, follow, max-snippet:-1, max-image-preview:large, max-video-preview:-1\" \/>\n<link rel=\"canonical\" href=\"https:\/\/avirondijonnais.com\/index.php\/laviron\/\" \/>\n<meta property=\"og:locale\" content=\"fr_FR\" \/>\n<meta property=\"og:type\" content=\"article\" \/>\n<meta property=\"og:title\" content=\"L&#039;aviron - Aviron Dijonnais\" \/>\n<meta property=\"og:description\" content=\"La pratique de l\u2019aviron est un sport tr\u00e8s ancien qui consiste \u00e0 propulser son bateau, que l\u2019on soit seul ou \u00e0 plusieurs, le plus rapidement possible \u00e0 l\u2019aide de ses rames : les fameux avirons.\" \/>\n<meta property=\"og:url\" content=\"https:\/\/avirondijonnais.com\/index.php\/laviron\/\" \/>\n<meta property=\"og:site_name\" content=\"Aviron Dijonnais\" \/>\n<meta property=\"article:modified_time\" content=\"2021-09-19T15:36:50+00:00\" \/>\n<meta name=\"twitter:card\" content=\"summary_large_image\" \/>\n<meta name=\"twitter:label1\" content=\"Dur\u00e9e de lecture estim\u00e9e\" \/>\n\t<meta name=\"twitter:data1\" content=\"2 minutes\" \/>\n<script type=\"application\/ld+json\" class=\"yoast-schema-graph\">{\"@context\":\"https:\/\/schema.org\",\"@graph\":[{\"@type\":\"WebPage\",\"@id\":\"https:\/\/avirondijonnais.com\/index.php\/laviron\/\",\"url\":\"https:\/\/avirondijonnais.com\/index.php\/laviron\/\",\"name\":\"L'aviron - Aviron Dijonnais\",\"isPartOf\":{\"@id\":\"http:\/\/avirondijonnais.com\/#website\"},\"datePublished\":\"2017-12-18T13:15:19+00:00\",\"dateModified\":\"2021-09-19T15:36:50+00:00\",\"description\":\"La pratique de l\u2019aviron est un sport tr\u00e8s ancien qui consiste \u00e0 propulser son bateau, que l\u2019on soit seul ou \u00e0 plusieurs, le plus rapidement possible \u00e0 l\u2019aide de ses rames : les fameux avirons.\",\"breadcrumb\":{\"@id\":\"https:\/\/avirondijonnais.com\/index.php\/laviron\/#breadcrumb\"},\"inLanguage\":\"fr-FR\",\"potentialAction\":[{\"@type\":\"ReadAction\",\"target\":[\"https:\/\/avirondijonnais.com\/index.php\/laviron\/\"]}]},{\"@type\":\"BreadcrumbList\",\"@id\":\"https:\/\/avirondijonnais.com\/index.php\/laviron\/#breadcrumb\",\"itemListElement\":[{\"@type\":\"ListItem\",\"position\":1,\"name\":\"Accueil\",\"item\":\"http:\/\/avirondijonnais.com\/\"},{\"@type\":\"ListItem\",\"position\":2,\"name\":\"L&rsquo;aviron\"}]},{\"@type\":\"WebSite\",\"@id\":\"http:\/\/avirondijonnais.com\/#website\",\"url\":\"http:\/\/avirondijonnais.com\/\",\"name\":\"Aviron Dijonnais\",\"description\":\"L&#039;aviron loisirs, pour les jeunes, pour tous \u00e0 Dijon sur le lac kir \u00e0 la base nautique\",\"potentialAction\":[{\"@type\":\"SearchAction\",\"target\":{\"@type\":\"EntryPoint\",\"urlTemplate\":\"http:\/\/avirondijonnais.com\/?s={search_term_string}\"},\"query-input\":{\"@type\":\"PropertyValueSpecification\",\"valueRequired\":true,\"valueName\":\"search_term_string\"}}],\"inLanguage\":\"fr-FR\"}]}<\/script>\n<!-- \/ Yoast SEO plugin. -->","yoast_head_json":{"title":"L'aviron - Aviron Dijonnais","description":"La pratique de l\u2019aviron est un sport tr\u00e8s ancien qui consiste \u00e0 propulser son bateau, que l\u2019on soit seul ou \u00e0 plusieurs, le plus rapidement possible \u00e0 l\u2019aide de ses rames : les fameux avirons.","robots":{"index":"index","follow":"follow","max-snippet":"max-snippet:-1","max-image-preview":"max-image-preview:large","max-video-preview":"max-video-preview:-1"},"canonical":"https:\/\/avirondijonnais.com\/index.php\/laviron\/","og_locale":"fr_FR","og_type":"article","og_title":"L'aviron - Aviron Dijonnais","og_description":"La pratique de l\u2019aviron est un sport tr\u00e8s ancien qui consiste \u00e0 propulser son bateau, que l\u2019on soit seul ou \u00e0 plusieurs, le plus rapidement possible \u00e0 l\u2019aide de ses rames : les fameux avirons.","og_url":"https:\/\/avirondijonnais.com\/index.php\/laviron\/","og_site_name":"Aviron Dijonnais","article_modified_time":"2021-09-19T15:36:50+00:00","twitter_card":"summary_large_image","twitter_misc":{"Dur\u00e9e de lecture estim\u00e9e":"2 minutes"},"schema":{"@context":"https:\/\/schema.org","@graph":[{"@type":"WebPage","@id":"https:\/\/avirondijonnais.com\/index.php\/laviron\/","url":"https:\/\/avirondijonnais.com\/index.php\/laviron\/","name":"L'aviron - Aviron Dijonnais","isPartOf":{"@id":"http:\/\/avirondijonnais.com\/#website"},"datePublished":"2017-12-18T13:15:19+00:00","dateModified":"2021-09-19T15:36:50+00:00","description":"La pratique de l\u2019aviron est un sport tr\u00e8s ancien qui consiste \u00e0 propulser son bateau, que l\u2019on soit seul ou \u00e0 plusieurs, le plus rapidement possible \u00e0 l\u2019aide de ses rames : les fameux avirons.","breadcrumb":{"@id":"https:\/\/avirondijonnais.com\/index.php\/laviron\/#breadcrumb"},"inLanguage":"fr-FR","potentialAction":[{"@type":"ReadAction","target":["https:\/\/avirondijonnais.com\/index.php\/laviron\/"]}]},{"@type":"BreadcrumbList","@id":"https:\/\/avirondijonnais.com\/index.php\/laviron\/#breadcrumb","itemListElement":[{"@type":"ListItem","position":1,"name":"Accueil","item":"http:\/\/avirondijonnais.com\/"},{"@type":"ListItem","position":2,"name":"L&rsquo;aviron"}]},{"@type":"WebSite","@id":"http:\/\/avirondijonnais.com\/#website","url":"http:\/\/avirondijonnais.com\/","name":"Aviron Dijonnais","description":"L&#039;aviron loisirs, pour les jeunes, pour tous \u00e0 Dijon sur le lac kir \u00e0 la base nautique","potentialAction":[{"@type":"SearchAction","target":{"@type":"EntryPoint","urlTemplate":"http:\/\/avirondijonnais.com\/?s={search_term_string}"},"query-input":{"@type":"PropertyValueSpecification","valueRequired":true,"valueName":"search_term_string"}}],"inLanguage":"fr-FR"}]}},"_links":{"self":[{"href":"http:\/\/avirondijonnais.com\/index.php\/wp-json\/wp\/v2\/pages\/14969","targetHints":{"allow":["GET"]}}],"collection":[{"href":"http:\/\/avirondijonnais.com\/index.php\/wp-json\/wp\/v2\/pages"}],"about":[{"href":"http:\/\/avirondijonnais.com\/index.php\/wp-json\/wp\/v2\/types\/page"}],"author":[{"embeddable":true,"href":"http:\/\/avirondijonnais.com\/index.php\/wp-json\/wp\/v2\/users\/1"}],"replies":[{"embeddable":true,"href":"http:\/\/avirondijonnais.com\/index.php\/wp-json\/wp\/v2\/comments?post=14969"}],"version-history":[{"count":62,"href":"http:\/\/avirondijonnais.com\/index.php\/wp-json\/wp\/v2\/pages\/14969\/revisions"}],"predecessor-version":[{"id":17035,"href":"http:\/\/avirondijonnais.com\/index.php\/wp-json\/wp\/v2\/pages\/14969\/revisions\/17035"}],"wp:attachment":[{"href":"http:\/\/avirondijonnais.com\/index.php\/wp-json\/wp\/v2\/media?parent=14969"}],"curies":[{"name":"wp","href":"https:\/\/api.w.org\/{rel}","templated":true}]}}