{"id":14981,"date":"2017-12-18T14:19:40","date_gmt":"2017-12-18T13:19:40","guid":{"rendered":"http:\/\/beta.avirondijonnais.com\/?page_id=14981"},"modified":"2025-08-22T10:53:09","modified_gmt":"2025-08-22T08:53:09","slug":"horaires-des-sections","status":"publish","type":"page","link":"http:\/\/avirondijonnais.com\/index.php\/horaires-des-sections\/","title":{"rendered":"Horaires des sections"},"content":{"rendered":"<div class=\"wpb-content-wrapper\"><p>[vc_row][vc_column]<div class=\"dt-fancy-separator h1-size style-disabled\" style=\"width: 100%;\"><div class=\"dt-fancy-title\" style=\"color: #1e73be;\"><span class=\"separator-holder separator-left\"><\/span>HORAIRES DES SECTIONS<span class=\"separator-holder separator-right\"><\/span><\/div><\/div>[vc_separator color=\u00a0\u00bbwhite\u00a0\u00bb border_width=\u00a0\u00bb6&Prime;][vc_separator style=\u00a0\u00bbshadow\u00a0\u00bb border_width=\u00a0\u00bb7&Prime;][\/vc_column][\/vc_row][vc_row full_width=\u00a0\u00bbstretch_row_content\u00a0\u00bb css=\u00a0\u00bb.vc_custom_1516876370613{padding-right: 50px !important;padding-left: 50px !important;}\u00a0\u00bb][vc_column][vc_column_text css=\u00a0\u00bb.vc_custom_1659203050843{padding-top: 5px !important;padding-right: 5px !important;padding-bottom: 5px !important;padding-left: 5px !important;border-radius: 15px !important;}\u00a0\u00bb]<\/p>\n<p style=\"text-align: center; font-size: 18px;\"><em>La plupart des membres du club pratique l&rsquo;aviron comme loisir, mais certains pr\u00e9f\u00e8reront une pratique avec plus de challenge.<\/em><\/p>\n<p style=\"text-align: center; font-size: 18px;\"><em>Avec nos horaires am\u00e9nag\u00e9s chacun peut trouver la pratique qui lui convient ((jeunes, universitaires, sport adapt\u00e9&#8230;). Vous trouverez ci-dessous l&rsquo;organisation g\u00e9n\u00e9rale des horaires en fonction de votre pratique.<\/em><\/p>\n<p>[\/vc_column_text][vc_separator color=\u00a0\u00bbwhite\u00a0\u00bb style=\u00a0\u00bbshadow\u00a0\u00bb border_width=\u00a0\u00bb2&Prime;]<div class=\"dt-fancy-separator h3-size\" style=\"width: 80%;\"><div class=\"dt-fancy-title bg-on\" style=\"color: #f53b59;background-color: rgba(119,119,119,0.08);\"><span class=\"separator-holder separator-left\" style=\"border-color: rgba(119,119,119,0.08);\"><\/span>\u00c9T\u00c9<span class=\"separator-holder separator-right\" style=\"border-color: rgba(119,119,119,0.08);\"><\/span><\/div><\/div>[vc_column_text css=\u00a0\u00bb.vc_custom_1540929496148{margin-top: 1% !important;}\u00a0\u00bb]<\/p>\n<p style=\"font-size: 18px; text-align: center;\"><em>Heure d&rsquo;\u00e9t\u00e9 ( avril \u00e0 fin octobre )<\/em><\/p>\n<p>[\/vc_column_text][vc_tabs interval=\u00a0\u00bb0&Prime;][vc_tab title=\u00a0\u00bbPour tous\u00a0\u00bb tab_id=\u00a0\u00bbe77ab22b-4923-4&Prime;][vc_column_text]JEUDI<\/p>\n<p>18H00-20H00<\/p>\n<p>&nbsp;<\/p>\n<p>SAMEDI<\/p>\n<p>10H30-12H30[\/vc_column_text][\/vc_tab][vc_tab title=\u00a0\u00bbIniti\u00e9s*\u00a0\u00bb tab_id=\u00a0\u00bb5817e5aa-724c-5&Prime;][vc_column_text]SAMEDI<\/p>\n<p>8H30-10H30<\/p>\n<p>&nbsp;<\/p>\n<p>DIMANCHE<\/p>\n<p>9H00-11H30 le 3\u00e8me dimanche du mois<\/p>\n<p>*Initi\u00e9 = rameur ayant au minimum le brevet d&rsquo;aviron de niveau 1 (anciennement aviron de bronze). Globalement, il s&rsquo;agit d&rsquo;\u00eatre le plus autonome dans la gestion de sa sortie (armement du bateau, embarquement\/d\u00e9barquement, nettoyage et rangement)[\/vc_column_text][\/vc_tab][vc_tab title=\u00a0\u00bbAviron sant\u00e9\u00a0\u00bb tab_id=\u00a0\u00bb1516801190326-3-8&Prime;][vc_column_text]MARDI<\/p>\n<p>18H00-20H00[\/vc_column_text][\/vc_tab][vc_tab title=\u00a0\u00bbAviron adapt\u00e9\u00a0\u00bb tab_id=\u00a0\u00bb1540929401563-4-0&Prime;][vc_column_text]MARDI<\/p>\n<p>18H00-20H00 (pour aviron adapt\u00e9, merci de prendre contact avec nous : contact@avirondijonnais.com)[\/vc_column_text][\/vc_tab][\/vc_tabs][vc_separator style=\u00a0\u00bbshadow\u00a0\u00bb border_width=\u00a0\u00bb2&Prime; el_width=\u00a0\u00bb60&Prime;][\/vc_column][\/vc_row][vc_row full_width=\u00a0\u00bbstretch_row_content\u00a0\u00bb css=\u00a0\u00bb.vc_custom_1516876413471{padding-right: 50px !important;padding-left: 50px !important;}\u00a0\u00bb][vc_column][vc_separator color=\u00a0\u00bbwhite\u00a0\u00bb style=\u00a0\u00bbshadow\u00a0\u00bb border_width=\u00a0\u00bb2&Prime;]<div class=\"dt-fancy-separator h3-size\" style=\"width: 80%;\"><div class=\"dt-fancy-title bg-on\" style=\"color: #f53b59;background-color: rgba(119,119,119,0.08);\"><span class=\"separator-holder separator-left\" style=\"border-color: rgba(119,119,119,0.08);\"><\/span>HIVER<span class=\"separator-holder separator-right\" style=\"border-color: rgba(119,119,119,0.08);\"><\/span><\/div><\/div>[vc_column_text css=\u00a0\u00bb.vc_custom_1540929517308{margin-top: 1% !important;}\u00a0\u00bb]<\/p>\n<p style=\"font-size: 18px; text-align: center;\"><em>Heure d&rsquo;hiver ( novembre \u00e0 fin mars )<\/em><\/p>\n<p>[\/vc_column_text][vc_tabs interval=\u00a0\u00bb0&Prime;][vc_tab title=\u00a0\u00bbPour tous\u00a0\u00bb tab_id=\u00a0\u00bb1516803067838-0-4&Prime;][vc_column_text]JEUDI<\/p>\n<p>18H00-20H00<\/p>\n<p>Pr\u00e9paration physique (PPG\u00a0en salle), \u00e0 la base nautique du lac Kir<\/p>\n<p>&nbsp;<\/p>\n<p>SAMEDI<\/p>\n<p>10H30-12H30[\/vc_column_text][\/vc_tab][vc_tab title=\u00a0\u00bbIniti\u00e9s*\u00a0\u00bb tab_id=\u00a0\u00bb1516803067873-0-6&Prime;][vc_column_text]SAMEDI<\/p>\n<p>8H30-10H30 &amp; 14H00-16H00<\/p>\n<p>&nbsp;<\/p>\n<p>DIMANCHE<\/p>\n<p>9H00-11H30 le 3\u00e8me dimanche du mois<\/p>\n<p>*Initi\u00e9 = rameur ayant au minimum le brevet d&rsquo;aviron de niveau 1 (anciennement aviron de bronze). Globalement, il s&rsquo;agit d&rsquo;\u00eatre le plus autonome dans la gestion de sa sortie (armement du bateau, embarquement\/d\u00e9barquement, nettoyage et rangement)[\/vc_column_text][\/vc_tab][vc_tab title=\u00a0\u00bbAviron sant\u00e9\u00a0\u00bb tab_id=\u00a0\u00bb1516803067964-0-4&Prime;][vc_column_text]<\/p>\n<p style=\"text-align: left;\">MARDI<\/p>\n<p>18H00-20H00<\/p>\n<p>Pr\u00e9paration physique (PPG\u00a0en salle), \u00e0 la base nautique du lac Kir[\/vc_column_text][\/vc_tab][vc_tab title=\u00a0\u00bbAviron adapt\u00e9\u00a0\u00bb tab_id=\u00a0\u00bb1540929524810-4-7&Prime;][vc_column_text]<\/p>\n<p style=\"text-align: left;\">MARDI<\/p>\n<p>18H00-20H00 (pour aviron adapt\u00e9, merci de prendre contact avec nous : contact@avirondijonnais.com)<\/p>\n<p>Pr\u00e9paration physique (PPG\u00a0en salle), \u00e0 la base nautique du lac Kir[\/vc_column_text][\/vc_tab][\/vc_tabs][vc_separator color=\u00a0\u00bbwhite\u00a0\u00bb style=\u00a0\u00bbshadow\u00a0\u00bb border_width=\u00a0\u00bb2&Prime;][\/vc_column][\/vc_row]<\/p>\n<\/div>","protected":false},"excerpt":{"rendered":"<p>[vc_row][vc_column][vc_separator color=\u00a0\u00bbwhite\u00a0\u00bb border_width=\u00a0\u00bb6&Prime;][vc_separator style=\u00a0\u00bbshadow\u00a0\u00bb border_width=\u00a0\u00bb7&Prime;][\/vc_column][\/vc_row][vc_row full_width=\u00a0\u00bbstretch_row_content\u00a0\u00bb css=\u00a0\u00bb.vc_custom_1516876370613{padding-right: 50px !important;padding-left: 50px !important;}\u00a0\u00bb][vc_column][vc_column_text css=\u00a0\u00bb.vc_custom_1659203050843{padding-top: 5px !important;padding-right: 5px !important;padding-bottom: 5px !important;padding-left: 5px !important;border-radius: 15px !important;}\u00a0\u00bb] La plupart des membres du club pratique l&rsquo;aviron comme loisir, mais certains pr\u00e9f\u00e8reront une pratique avec plus de challenge. Avec nos horaires am\u00e9nag\u00e9s chacun peut trouver la pratique qui lui convient ((jeunes, universitaires,&hellip;<\/p>\n","protected":false},"author":1,"featured_media":0,"parent":0,"menu_order":0,"comment_status":"closed","ping_status":"closed","template":"","meta":{"footnotes":""},"class_list":["post-14981","page","type-page","status-publish","hentry","description-off"],"yoast_head":"<!-- This site is optimized with the Yoast SEO plugin v26.9 - https:\/\/yoast.com\/product\/yoast-seo-wordpress\/ -->\n<title>Horaires des sections - Aviron Dijonnais<\/title>\n<meta name=\"description\" content=\"Retrouvez toutes les horaires selon votre pratique. Que vous veniez ramer pour le loisir ou pour pr\u00e9parer une comp\u00e9tition, nos groupes de niveau sauront satisfaire votre d\u00e9sir.\" \/>\n<meta name=\"robots\" content=\"index, follow, max-snippet:-1, max-image-preview:large, max-video-preview:-1\" \/>\n<link rel=\"canonical\" href=\"http:\/\/avirondijonnais.com\/index.php\/horaires-des-sections\/\" \/>\n<meta property=\"og:locale\" content=\"fr_FR\" \/>\n<meta property=\"og:type\" content=\"article\" \/>\n<meta property=\"og:title\" content=\"Horaires des sections - Aviron Dijonnais\" \/>\n<meta property=\"og:description\" content=\"Retrouvez toutes les horaires selon votre pratique. Que vous veniez ramer pour le loisir ou pour pr\u00e9parer une comp\u00e9tition, nos groupes de niveau sauront satisfaire votre d\u00e9sir.\" \/>\n<meta property=\"og:url\" content=\"http:\/\/avirondijonnais.com\/index.php\/horaires-des-sections\/\" \/>\n<meta property=\"og:site_name\" content=\"Aviron Dijonnais\" \/>\n<meta property=\"article:modified_time\" content=\"2025-08-22T08:53:09+00:00\" \/>\n<meta name=\"twitter:card\" content=\"summary_large_image\" \/>\n<meta name=\"twitter:label1\" content=\"Dur\u00e9e de lecture estim\u00e9e\" \/>\n\t<meta name=\"twitter:data1\" content=\"2 minutes\" \/>\n<script type=\"application\/ld+json\" class=\"yoast-schema-graph\">{\"@context\":\"https:\/\/schema.org\",\"@graph\":[{\"@type\":\"WebPage\",\"@id\":\"http:\/\/avirondijonnais.com\/index.php\/horaires-des-sections\/\",\"url\":\"http:\/\/avirondijonnais.com\/index.php\/horaires-des-sections\/\",\"name\":\"Horaires des sections - Aviron Dijonnais\",\"isPartOf\":{\"@id\":\"https:\/\/avirondijonnais.com\/#website\"},\"datePublished\":\"2017-12-18T13:19:40+00:00\",\"dateModified\":\"2025-08-22T08:53:09+00:00\",\"description\":\"Retrouvez toutes les horaires selon votre pratique. Que vous veniez ramer pour le loisir ou pour pr\u00e9parer une comp\u00e9tition, nos groupes de niveau sauront satisfaire votre d\u00e9sir.\",\"breadcrumb\":{\"@id\":\"http:\/\/avirondijonnais.com\/index.php\/horaires-des-sections\/#breadcrumb\"},\"inLanguage\":\"fr-FR\",\"potentialAction\":[{\"@type\":\"ReadAction\",\"target\":[\"http:\/\/avirondijonnais.com\/index.php\/horaires-des-sections\/\"]}]},{\"@type\":\"BreadcrumbList\",\"@id\":\"http:\/\/avirondijonnais.com\/index.php\/horaires-des-sections\/#breadcrumb\",\"itemListElement\":[{\"@type\":\"ListItem\",\"position\":1,\"name\":\"Accueil\",\"item\":\"https:\/\/avirondijonnais.com\/\"},{\"@type\":\"ListItem\",\"position\":2,\"name\":\"Horaires des sections\"}]},{\"@type\":\"WebSite\",\"@id\":\"https:\/\/avirondijonnais.com\/#website\",\"url\":\"https:\/\/avirondijonnais.com\/\",\"name\":\"Aviron Dijonnais\",\"description\":\"L&#039;aviron loisirs, pour les jeunes, pour tous \u00e0 Dijon sur le lac kir \u00e0 la base nautique\",\"potentialAction\":[{\"@type\":\"SearchAction\",\"target\":{\"@type\":\"EntryPoint\",\"urlTemplate\":\"https:\/\/avirondijonnais.com\/?s={search_term_string}\"},\"query-input\":{\"@type\":\"PropertyValueSpecification\",\"valueRequired\":true,\"valueName\":\"search_term_string\"}}],\"inLanguage\":\"fr-FR\"}]}<\/script>\n<!-- \/ Yoast SEO plugin. -->","yoast_head_json":{"title":"Horaires des sections - Aviron Dijonnais","description":"Retrouvez toutes les horaires selon votre pratique. Que vous veniez ramer pour le loisir ou pour pr\u00e9parer une comp\u00e9tition, nos groupes de niveau sauront satisfaire votre d\u00e9sir.","robots":{"index":"index","follow":"follow","max-snippet":"max-snippet:-1","max-image-preview":"max-image-preview:large","max-video-preview":"max-video-preview:-1"},"canonical":"http:\/\/avirondijonnais.com\/index.php\/horaires-des-sections\/","og_locale":"fr_FR","og_type":"article","og_title":"Horaires des sections - Aviron Dijonnais","og_description":"Retrouvez toutes les horaires selon votre pratique. Que vous veniez ramer pour le loisir ou pour pr\u00e9parer une comp\u00e9tition, nos groupes de niveau sauront satisfaire votre d\u00e9sir.","og_url":"http:\/\/avirondijonnais.com\/index.php\/horaires-des-sections\/","og_site_name":"Aviron Dijonnais","article_modified_time":"2025-08-22T08:53:09+00:00","twitter_card":"summary_large_image","twitter_misc":{"Dur\u00e9e de lecture estim\u00e9e":"2 minutes"},"schema":{"@context":"https:\/\/schema.org","@graph":[{"@type":"WebPage","@id":"http:\/\/avirondijonnais.com\/index.php\/horaires-des-sections\/","url":"http:\/\/avirondijonnais.com\/index.php\/horaires-des-sections\/","name":"Horaires des sections - Aviron Dijonnais","isPartOf":{"@id":"https:\/\/avirondijonnais.com\/#website"},"datePublished":"2017-12-18T13:19:40+00:00","dateModified":"2025-08-22T08:53:09+00:00","description":"Retrouvez toutes les horaires selon votre pratique. Que vous veniez ramer pour le loisir ou pour pr\u00e9parer une comp\u00e9tition, nos groupes de niveau sauront satisfaire votre d\u00e9sir.","breadcrumb":{"@id":"http:\/\/avirondijonnais.com\/index.php\/horaires-des-sections\/#breadcrumb"},"inLanguage":"fr-FR","potentialAction":[{"@type":"ReadAction","target":["http:\/\/avirondijonnais.com\/index.php\/horaires-des-sections\/"]}]},{"@type":"BreadcrumbList","@id":"http:\/\/avirondijonnais.com\/index.php\/horaires-des-sections\/#breadcrumb","itemListElement":[{"@type":"ListItem","position":1,"name":"Accueil","item":"https:\/\/avirondijonnais.com\/"},{"@type":"ListItem","position":2,"name":"Horaires des sections"}]},{"@type":"WebSite","@id":"https:\/\/avirondijonnais.com\/#website","url":"https:\/\/avirondijonnais.com\/","name":"Aviron Dijonnais","description":"L&#039;aviron loisirs, pour les jeunes, pour tous \u00e0 Dijon sur le lac kir \u00e0 la base nautique","potentialAction":[{"@type":"SearchAction","target":{"@type":"EntryPoint","urlTemplate":"https:\/\/avirondijonnais.com\/?s={search_term_string}"},"query-input":{"@type":"PropertyValueSpecification","valueRequired":true,"valueName":"search_term_string"}}],"inLanguage":"fr-FR"}]}},"_links":{"self":[{"href":"http:\/\/avirondijonnais.com\/index.php\/wp-json\/wp\/v2\/pages\/14981","targetHints":{"allow":["GET"]}}],"collection":[{"href":"http:\/\/avirondijonnais.com\/index.php\/wp-json\/wp\/v2\/pages"}],"about":[{"href":"http:\/\/avirondijonnais.com\/index.php\/wp-json\/wp\/v2\/types\/page"}],"author":[{"embeddable":true,"href":"http:\/\/avirondijonnais.com\/index.php\/wp-json\/wp\/v2\/users\/1"}],"replies":[{"embeddable":true,"href":"http:\/\/avirondijonnais.com\/index.php\/wp-json\/wp\/v2\/comments?post=14981"}],"version-history":[{"count":49,"href":"http:\/\/avirondijonnais.com\/index.php\/wp-json\/wp\/v2\/pages\/14981\/revisions"}],"predecessor-version":[{"id":18233,"href":"http:\/\/avirondijonnais.com\/index.php\/wp-json\/wp\/v2\/pages\/14981\/revisions\/18233"}],"wp:attachment":[{"href":"http:\/\/avirondijonnais.com\/index.php\/wp-json\/wp\/v2\/media?parent=14981"}],"curies":[{"name":"wp","href":"https:\/\/api.w.org\/{rel}","templated":true}]}}