{"id":15211,"date":"2018-01-22T17:10:10","date_gmt":"2018-01-22T16:10:10","guid":{"rendered":"http:\/\/beta.avirondijonnais.com\/?page_id=15211"},"modified":"2024-11-09T16:25:44","modified_gmt":"2024-11-09T15:25:44","slug":"mentions-legales","status":"publish","type":"page","link":"http:\/\/avirondijonnais.com\/index.php\/mentions-legales\/","title":{"rendered":"Mentions l\u00e9gales"},"content":{"rendered":"<div class=\"wpb-content-wrapper\"><p>[vc_row][vc_column]<div class=\"dt-fancy-separator h1-size style-disabled\" style=\"width: 100%;\"><div class=\"dt-fancy-title\" style=\"color: #5383d1;\"><span class=\"separator-holder separator-left\"><\/span>Mentions L\u00e9gales<span class=\"separator-holder separator-right\"><\/span><\/div><\/div>[vc_separator color=\u00a0\u00bbwhite\u00a0\u00bb border_width=\u00a0\u00bb6&Prime;][vc_separator style=\u00a0\u00bbshadow\u00a0\u00bb border_width=\u00a0\u00bb7&Prime;][\/vc_column][\/vc_row][vc_row][vc_column]<div class=\"dt-fancy-separator title-left h3-size style-disabled\" style=\"width: 100%;\"><div class=\"dt-fancy-title\" style=\"color: #787671;\"><span class=\"separator-holder separator-left\"><\/span>http:\/\/www.avirondijonnais.com est \u00e9dit\u00e9 par<span class=\"separator-holder separator-right\"><\/span><\/div><\/div>[vc_separator color=\u00a0\u00bbwhite\u00a0\u00bb border_width=\u00a0\u00bb10&Prime;][vc_column_text]Aviron Dijonnais<\/p>\n<p style=\"text-align: left;\">Maison des associations, case B2, 2 rue des corroyeurs &#8211; 21000 DIJON<\/p>\n<p>Association loi 1901<\/p>\n<p style=\"text-align: left;\">Email : contact@avirondijonnais.com<\/p>\n<p style=\"text-align: left;\">Directeur de la publication :\u00a0Pierre Goudet (Pr\u00e9sident du Club)<\/p>\n<p style=\"text-align: left;\">Webmaster : Olivier Mathieu<\/p>\n<p>[\/vc_column_text][\/vc_column][\/vc_row][vc_row][vc_column]<div class=\"dt-fancy-separator title-left h3-size style-disabled\" style=\"width: 100%;\"><div class=\"dt-fancy-title\" style=\"color: #787671;\"><span class=\"separator-holder separator-left\"><\/span>H\u00e9bergeur<span class=\"separator-holder separator-right\"><\/span><\/div><\/div>[vc_separator color=\u00a0\u00bbwhite\u00a0\u00bb border_width=\u00a0\u00bb10&Prime;][vc_column_text]<span style=\"font-size: 18px; line-height: 1.5;\"> OVH SAS au capital de 10 069 020 \u20ac<br \/>\nRCS Roubaix \u2013 Tourcoing 424 761 419 00045<br \/>\nCode APE 2620Z<br \/>\nN\u00b0 TVA : FR 22 424 761 419<br \/>\nSi\u00e8ge social : 2 rue Kellermann \u2013 59100 Roubaix \u2013 France.<\/span><\/p>\n<p><span style=\"font-size: 18px; line-height: 1.5;\">T\u00e9l\u00e9phone :\u00a0 +33 9 72 10 10 07<\/span><\/p>\n<p>[\/vc_column_text][\/vc_column][\/vc_row][vc_row][vc_column]<div class=\"dt-fancy-separator title-left h3-size style-disabled\" style=\"width: 100%;\"><div class=\"dt-fancy-title\" style=\"color: #787671;\"><span class=\"separator-holder separator-left\"><\/span>Contenus<span class=\"separator-holder separator-right\"><\/span><\/div><\/div>[vc_separator color=\u00a0\u00bbwhite\u00a0\u00bb border_width=\u00a0\u00bb10&Prime;][vc_column_text]<\/p>\n<p style=\"text-align: justify;\"><span style=\"font-size: 18px; line-height: 1.5;\"> Tout internaute peut signaler un contenu qu\u2019il estime illicite \u00e0 contact@avirondijonnais.com. Toute notification incompl\u00e8te ou ne satisfaisant pas aux conditions impos\u00e9es par l\u2019article 6-1-5 de la loi pour la confiance dans l\u2019\u00e9conomie num\u00e9rique du 21 juin 2004 ne pourra \u00eatre consid\u00e9r\u00e9e comme valable. Toute notification abusive peut engager la responsabilit\u00e9 de son auteur. <\/span><\/p>\n<p>[\/vc_column_text][\/vc_column][\/vc_row][vc_row][vc_column]<div class=\"dt-fancy-separator title-left h3-size style-disabled\" style=\"width: 100%;\"><div class=\"dt-fancy-title\" style=\"color: #787671;\"><span class=\"separator-holder separator-left\"><\/span>D\u00e9veloppeurs<span class=\"separator-holder separator-right\"><\/span><\/div><\/div>[vc_separator color=\u00a0\u00bbwhite\u00a0\u00bb border_width=\u00a0\u00bb10&Prime;][vc_column_text]<\/p>\n<p style=\"text-align: justify;\"><span style=\"; font-size: 18px; line-height: 1.5;\"><br \/>\nCe site \u00e0 \u00e9t\u00e9 d\u00e9velopp\u00e9 par l&rsquo;agence Robotcom, compos\u00e9e de 5 \u00e9l\u00e8ves de la licence professionnelle M\u00e9tiers du Num\u00e9rique (Communication et M\u00e9diation num\u00e9rique, Commercialisation de Produit en Ligne et D\u00e9veloppement et Design sur Internet Mobile) de l&rsquo;IUT de Dijon.<\/span><\/p>\n<p>[\/vc_column_text][\/vc_column][\/vc_row][vc_row][vc_column]<div class=\"dt-fancy-separator title-left h3-size style-disabled\" style=\"width: 100%;\"><div class=\"dt-fancy-title\" style=\"color: #787671;\"><span class=\"separator-holder separator-left\"><\/span>Politique relative aux cookies<span class=\"separator-holder separator-right\"><\/span><\/div><\/div>[vc_column_text]<\/p>\n<p style=\"text-align: justify;\"><span style=\"; font-size: 18px; line-height: 1.5;\"><br \/>\nLa navigation sur le site Aviron Dijonnais est susceptible de provoquer, sur l\u2019ordinateur de l\u2019utilisateur, l\u2019installation de cookie(s), qui enregistre(nt) des informations relatives \u00e0 la navigation sur le site. Les donn\u00e9es ainsi obtenues visent \u00e0 faciliter la navigation ult\u00e9rieure sur le site, et ont \u00e9galement vocation \u00e0 permettre diverses mesures de fr\u00e9quentation. Le refus d\u2019installation d\u2019un cookie peut dans certains cas entra\u00eener l\u2019impossibilit\u00e9 d\u2019acc\u00e9der \u00e0 certains services. L\u2019utilisateur peut toutefois configurer son ordinateur pour refuser l\u2019installation des cookies.<br \/>\n<\/span><\/p>\n<p>[\/vc_column_text][\/vc_column][\/vc_row][vc_row][vc_column]<div class=\"dt-fancy-separator title-left h3-size style-disabled\" style=\"width: 100%;\"><div class=\"dt-fancy-title\" style=\"color: #787671;\"><span class=\"separator-holder separator-left\"><\/span>Donn\u00e9es personnelles<span class=\"separator-holder separator-right\"><\/span><\/div><\/div>[vc_column_text]<\/p>\n<p style=\"text-align: justify;\"><span style=\"; font-size: 18px; line-height: 1.5;\"><br \/>\nLes informations recueillies sur ce formulaire sont enregistr\u00e9es dans un fichier informatis\u00e9 par l&rsquo;Aviron Dijonnais\u00a0pour enregistrer dans la base de donn\u00e9es du club, les nouveaux adh\u00e9rents. Elles sont conserv\u00e9es pendant\u00a0un an\u00a0et sont destin\u00e9es au club Aviron Dijonnais.<br \/>\nConform\u00e9ment \u00e0 la\u00a0<b><a href=\"https:\/\/www.cnil.fr\/fr\/loi-78-17-du-6-janvier-1978-modifiee\">loi \u00ab informatique et libert\u00e9s \u00bb<\/a><\/b>, vous pouvez exercer votre droit d&rsquo;acc\u00e8s aux donn\u00e9es vous concernant et les faire rectifier en contactant :\u00a0l&rsquo;<b><a href=\"mailto:contact@avirondijonnais.com\">Aviron Dijonnais<\/a><\/b>.<\/span><\/p>\n<p>[\/vc_column_text][\/vc_column][\/vc_row]<\/p>\n<\/div>","protected":false},"excerpt":{"rendered":"<p>[vc_row][vc_column][vc_separator color=\u00a0\u00bbwhite\u00a0\u00bb border_width=\u00a0\u00bb6&Prime;][vc_separator style=\u00a0\u00bbshadow\u00a0\u00bb border_width=\u00a0\u00bb7&Prime;][\/vc_column][\/vc_row][vc_row][vc_column][vc_separator color=\u00a0\u00bbwhite\u00a0\u00bb border_width=\u00a0\u00bb10&Prime;][vc_column_text]Aviron Dijonnais Maison des associations, case B2, 2 rue des corroyeurs &#8211; 21000 DIJON Association loi 1901 Email : contact@avirondijonnais.com Directeur de la publication :\u00a0Pierre Goudet (Pr\u00e9sident du Club) Webmaster : Olivier Mathieu [\/vc_column_text][\/vc_column][\/vc_row][vc_row][vc_column][vc_separator color=\u00a0\u00bbwhite\u00a0\u00bb border_width=\u00a0\u00bb10&Prime;][vc_column_text] OVH SAS au capital de 10 069 020 \u20ac RCS Roubaix \u2013 Tourcoing&hellip;<\/p>\n","protected":false},"author":1,"featured_media":0,"parent":0,"menu_order":0,"comment_status":"closed","ping_status":"closed","template":"","meta":{"footnotes":""},"class_list":["post-15211","page","type-page","status-publish","hentry","description-off"],"yoast_head":"<!-- This site is optimized with the Yoast SEO plugin v26.9 - https:\/\/yoast.com\/product\/yoast-seo-wordpress\/ -->\n<title>Mentions l\u00e9gales - Aviron Dijonnais<\/title>\n<meta name=\"robots\" content=\"index, follow, max-snippet:-1, max-image-preview:large, max-video-preview:-1\" \/>\n<link rel=\"canonical\" href=\"https:\/\/avirondijonnais.com\/index.php\/mentions-legales\/\" \/>\n<meta property=\"og:locale\" content=\"fr_FR\" \/>\n<meta property=\"og:type\" content=\"article\" \/>\n<meta property=\"og:title\" content=\"Mentions l\u00e9gales - Aviron Dijonnais\" \/>\n<meta property=\"og:description\" content=\"[vc_row][vc_column][vc_separator color=\u00a0\u00bbwhite\u00a0\u00bb border_width=\u00a0\u00bb6&Prime;][vc_separator style=\u00a0\u00bbshadow\u00a0\u00bb border_width=\u00a0\u00bb7&Prime;][\/vc_column][\/vc_row][vc_row][vc_column][vc_separator color=\u00a0\u00bbwhite\u00a0\u00bb border_width=\u00a0\u00bb10&Prime;][vc_column_text]Aviron Dijonnais Maison des associations, case B2, 2 rue des corroyeurs &#8211; 21000 DIJON Association loi 1901 Email : contact@avirondijonnais.com Directeur de la publication :\u00a0Pierre Goudet (Pr\u00e9sident du Club) Webmaster : Olivier Mathieu [\/vc_column_text][\/vc_column][\/vc_row][vc_row][vc_column][vc_separator color=\u00a0\u00bbwhite\u00a0\u00bb border_width=\u00a0\u00bb10&Prime;][vc_column_text] OVH SAS au capital de 10 069 020 \u20ac RCS Roubaix \u2013 Tourcoing&hellip;\" \/>\n<meta property=\"og:url\" content=\"https:\/\/avirondijonnais.com\/index.php\/mentions-legales\/\" \/>\n<meta property=\"og:site_name\" content=\"Aviron Dijonnais\" \/>\n<meta property=\"article:modified_time\" content=\"2024-11-09T15:25:44+00:00\" \/>\n<meta name=\"twitter:card\" content=\"summary_large_image\" \/>\n<meta name=\"twitter:label1\" content=\"Dur\u00e9e de lecture estim\u00e9e\" \/>\n\t<meta name=\"twitter:data1\" content=\"3 minutes\" \/>\n<script type=\"application\/ld+json\" class=\"yoast-schema-graph\">{\"@context\":\"https:\/\/schema.org\",\"@graph\":[{\"@type\":\"WebPage\",\"@id\":\"https:\/\/avirondijonnais.com\/index.php\/mentions-legales\/\",\"url\":\"https:\/\/avirondijonnais.com\/index.php\/mentions-legales\/\",\"name\":\"Mentions l\u00e9gales - Aviron Dijonnais\",\"isPartOf\":{\"@id\":\"https:\/\/avirondijonnais.com\/#website\"},\"datePublished\":\"2018-01-22T16:10:10+00:00\",\"dateModified\":\"2024-11-09T15:25:44+00:00\",\"breadcrumb\":{\"@id\":\"https:\/\/avirondijonnais.com\/index.php\/mentions-legales\/#breadcrumb\"},\"inLanguage\":\"fr-FR\",\"potentialAction\":[{\"@type\":\"ReadAction\",\"target\":[\"https:\/\/avirondijonnais.com\/index.php\/mentions-legales\/\"]}]},{\"@type\":\"BreadcrumbList\",\"@id\":\"https:\/\/avirondijonnais.com\/index.php\/mentions-legales\/#breadcrumb\",\"itemListElement\":[{\"@type\":\"ListItem\",\"position\":1,\"name\":\"Accueil\",\"item\":\"https:\/\/avirondijonnais.com\/\"},{\"@type\":\"ListItem\",\"position\":2,\"name\":\"Mentions l\u00e9gales\"}]},{\"@type\":\"WebSite\",\"@id\":\"https:\/\/avirondijonnais.com\/#website\",\"url\":\"https:\/\/avirondijonnais.com\/\",\"name\":\"Aviron Dijonnais\",\"description\":\"L&#039;aviron loisirs, pour les jeunes, pour tous \u00e0 Dijon sur le lac kir \u00e0 la base nautique\",\"potentialAction\":[{\"@type\":\"SearchAction\",\"target\":{\"@type\":\"EntryPoint\",\"urlTemplate\":\"https:\/\/avirondijonnais.com\/?s={search_term_string}\"},\"query-input\":{\"@type\":\"PropertyValueSpecification\",\"valueRequired\":true,\"valueName\":\"search_term_string\"}}],\"inLanguage\":\"fr-FR\"}]}<\/script>\n<!-- \/ Yoast SEO plugin. -->","yoast_head_json":{"title":"Mentions l\u00e9gales - Aviron Dijonnais","robots":{"index":"index","follow":"follow","max-snippet":"max-snippet:-1","max-image-preview":"max-image-preview:large","max-video-preview":"max-video-preview:-1"},"canonical":"https:\/\/avirondijonnais.com\/index.php\/mentions-legales\/","og_locale":"fr_FR","og_type":"article","og_title":"Mentions l\u00e9gales - Aviron Dijonnais","og_description":"[vc_row][vc_column][vc_separator color=\u00a0\u00bbwhite\u00a0\u00bb border_width=\u00a0\u00bb6&Prime;][vc_separator style=\u00a0\u00bbshadow\u00a0\u00bb border_width=\u00a0\u00bb7&Prime;][\/vc_column][\/vc_row][vc_row][vc_column][vc_separator color=\u00a0\u00bbwhite\u00a0\u00bb border_width=\u00a0\u00bb10&Prime;][vc_column_text]Aviron Dijonnais Maison des associations, case B2, 2 rue des corroyeurs &#8211; 21000 DIJON Association loi 1901 Email : contact@avirondijonnais.com Directeur de la publication :\u00a0Pierre Goudet (Pr\u00e9sident du Club) Webmaster : Olivier Mathieu [\/vc_column_text][\/vc_column][\/vc_row][vc_row][vc_column][vc_separator color=\u00a0\u00bbwhite\u00a0\u00bb border_width=\u00a0\u00bb10&Prime;][vc_column_text] OVH SAS au capital de 10 069 020 \u20ac RCS Roubaix \u2013 Tourcoing&hellip;","og_url":"https:\/\/avirondijonnais.com\/index.php\/mentions-legales\/","og_site_name":"Aviron Dijonnais","article_modified_time":"2024-11-09T15:25:44+00:00","twitter_card":"summary_large_image","twitter_misc":{"Dur\u00e9e de lecture estim\u00e9e":"3 minutes"},"schema":{"@context":"https:\/\/schema.org","@graph":[{"@type":"WebPage","@id":"https:\/\/avirondijonnais.com\/index.php\/mentions-legales\/","url":"https:\/\/avirondijonnais.com\/index.php\/mentions-legales\/","name":"Mentions l\u00e9gales - Aviron Dijonnais","isPartOf":{"@id":"https:\/\/avirondijonnais.com\/#website"},"datePublished":"2018-01-22T16:10:10+00:00","dateModified":"2024-11-09T15:25:44+00:00","breadcrumb":{"@id":"https:\/\/avirondijonnais.com\/index.php\/mentions-legales\/#breadcrumb"},"inLanguage":"fr-FR","potentialAction":[{"@type":"ReadAction","target":["https:\/\/avirondijonnais.com\/index.php\/mentions-legales\/"]}]},{"@type":"BreadcrumbList","@id":"https:\/\/avirondijonnais.com\/index.php\/mentions-legales\/#breadcrumb","itemListElement":[{"@type":"ListItem","position":1,"name":"Accueil","item":"https:\/\/avirondijonnais.com\/"},{"@type":"ListItem","position":2,"name":"Mentions l\u00e9gales"}]},{"@type":"WebSite","@id":"https:\/\/avirondijonnais.com\/#website","url":"https:\/\/avirondijonnais.com\/","name":"Aviron Dijonnais","description":"L&#039;aviron loisirs, pour les jeunes, pour tous \u00e0 Dijon sur le lac kir \u00e0 la base nautique","potentialAction":[{"@type":"SearchAction","target":{"@type":"EntryPoint","urlTemplate":"https:\/\/avirondijonnais.com\/?s={search_term_string}"},"query-input":{"@type":"PropertyValueSpecification","valueRequired":true,"valueName":"search_term_string"}}],"inLanguage":"fr-FR"}]}},"_links":{"self":[{"href":"http:\/\/avirondijonnais.com\/index.php\/wp-json\/wp\/v2\/pages\/15211","targetHints":{"allow":["GET"]}}],"collection":[{"href":"http:\/\/avirondijonnais.com\/index.php\/wp-json\/wp\/v2\/pages"}],"about":[{"href":"http:\/\/avirondijonnais.com\/index.php\/wp-json\/wp\/v2\/types\/page"}],"author":[{"embeddable":true,"href":"http:\/\/avirondijonnais.com\/index.php\/wp-json\/wp\/v2\/users\/1"}],"replies":[{"embeddable":true,"href":"http:\/\/avirondijonnais.com\/index.php\/wp-json\/wp\/v2\/comments?post=15211"}],"version-history":[{"count":33,"href":"http:\/\/avirondijonnais.com\/index.php\/wp-json\/wp\/v2\/pages\/15211\/revisions"}],"predecessor-version":[{"id":18134,"href":"http:\/\/avirondijonnais.com\/index.php\/wp-json\/wp\/v2\/pages\/15211\/revisions\/18134"}],"wp:attachment":[{"href":"http:\/\/avirondijonnais.com\/index.php\/wp-json\/wp\/v2\/media?parent=15211"}],"curies":[{"name":"wp","href":"https:\/\/api.w.org\/{rel}","templated":true}]}}