{"id":16227,"date":"2019-01-20T19:19:13","date_gmt":"2019-01-20T18:19:13","guid":{"rendered":"http:\/\/avirondijonnais.com\/?page_id=16227"},"modified":"2025-08-22T10:46:41","modified_gmt":"2025-08-22T08:46:41","slug":"aviron-sante","status":"publish","type":"page","link":"http:\/\/avirondijonnais.com\/index.php\/club\/aviron-sante\/","title":{"rendered":"Aviron Sant\u00e9"},"content":{"rendered":"<div class=\"wpb-content-wrapper\"><p>[vc_row][vc_column]<div class=\"dt-fancy-separator h1-size\" style=\"width: 100%;\"><div class=\"dt-fancy-title\" style=\"color: #1e73be;\"><span class=\"separator-holder separator-left\"><\/span>Aviron Sant\u00e9<span class=\"separator-holder separator-right\"><\/span><\/div><\/div>[vc_separator color=\u00a0\u00bbwhite\u00a0\u00bb border_width=\u00a0\u00bb6&Prime;][\/vc_column][\/vc_row][vc_row gap=\u00a0\u00bb5&Prime;][vc_column width=\u00a0\u00bb1\/2&Prime;][vc_column_text]<\/p>\n<p style=\"text-align: justify;\">Une section \u00ab\u00a0<a href=\"https:\/\/www.ffaviron.fr\/pratiquer-aviron\/programmes-federaux\/aviron-sante\" target=\"_blank\" rel=\"noopener\">Aviron Sant\u00e9<\/a>\u00a0\u00bb\u00a0? Tout le monde le sait\u00a0; l\u2019aviron, c\u2019est bon pour la sant\u00e9\u00a0! Oui mais \u00e0 condition qu\u2019il soit pratiqu\u00e9 de fa\u00e7on adapt\u00e9e \u00e0 chaque situation. Quand un \u00ab\u00a0accident de sant\u00e9\u00a0\u00bb survient brutalement, quand une maladie envahit votre quotidien, la prise en charge m\u00e9dicale peut-\u00eatre grandement am\u00e9lior\u00e9e par l\u2019exercice physique\u00a0: infarctus, diab\u00e8te, hypertension, surpoids, cancer.<\/p>\n<p style=\"text-align: justify;\">Toutes les \u00e9tudes le montrent\u00a0; la remise en marche de tout l\u2019organisme par un sport global, par une activit\u00e9 physique adapt\u00e9e comme l\u2019aviron participe au mieux-\u00eatre et \u00e0 la gu\u00e9rison. L\u2019\u00e9t\u00e9 sur l\u2019eau en bateau, l\u2019hiver en salle, encadr\u00e9 par des b\u00e9n\u00e9voles et surtout par un professionnel form\u00e9, dans un cadre s\u00e9curis\u00e9 \u00ab\u00a0non m\u00e9dicalis\u00e9\u00a0\u00bb. Dans un vrai club sportif, convivial, o\u00f9 l\u2019on se connait\u00a0; du sport, du grand air, du plaisir\u00a0; une maladie que l\u2019on surmonte ou que l\u2019on gu\u00e9rit peut-\u00eatre. C\u2019est un plus du club de l\u2019Aviron Dijonnais.<\/p>\n<p>Pour essayer l&rsquo;aviron sant\u00e9 ou si vous avez des questions, n&rsquo;h\u00e9sitez pas \u00e0 nous contacter par mail ou par t\u00e9l\u00e9phone.[\/vc_column_text]<div class=\"smile_icon_list_wrap ult_info_list_container ult-adjust-bottom-margin  \"><ul class=\"smile_icon_list left square with_bg\"><li class=\"icon_list_item\" style=\" font-size:72px;\"><div class=\"icon_list_icon\" data-animation=\"\" data-animation-delay=\"03\" style=\"font-size:24px;border-width:1px;border-style:none;background:#ffffff;color:#0552d2;border-color:#333333;\"><i class=\"Defaults-envelope-o\" ><\/i><\/div><div class=\"icon_description\" id=\"Info-list-wrap-6891\" style=\"font-size:24px;\"><h3 class=\"ult-responsive info-list-heading\"  data-ultimate-target='#Info-list-wrap-6891 h3'  data-responsive-json-new='{\"font-size\":\"desktop:16px;\",\"line-height\":\"desktop:24px;\"}'  style=\"\">Mail<\/h3><div class=\"icon_description_text ult-responsive\"  data-ultimate-target='#Info-list-wrap-6891 .icon_description_text'  data-responsive-json-new='{\"font-size\":\"desktop:13px;\",\"line-height\":\"desktop:18px;\"}'  style=\"\"><p style=\"font-size: 16px;\"><a class=\"liencontenu\" style=\"color: #cc3f3f; font-weight: bold;\" href=\"mailto:contact@avirondijonnais.com\">contact@avirondijonnais.com<\/a><\/p>\n<\/div><\/div><div class=\"icon_list_connector\"  style=\"border-right-width: 1px;border-right-style: dashed;border-color: #333333;\"><\/div><\/li><\/ul><\/div>[\/vc_column][vc_column width=\u00a0\u00bb1\/2&Prime;][vc_single_image image=\u00a0\u00bb15916&Prime; img_size=\u00a0\u00bbfull\u00a0\u00bb][\/vc_column][\/vc_row][vc_row][vc_column][vc_column_text][\/vc_column_text][\/vc_column][\/vc_row]<\/p>\n<\/div>","protected":false},"excerpt":{"rendered":"<p>[vc_row][vc_column][vc_separator color=\u00a0\u00bbwhite\u00a0\u00bb border_width=\u00a0\u00bb6&Prime;][\/vc_column][\/vc_row][vc_row gap=\u00a0\u00bb5&Prime;][vc_column width=\u00a0\u00bb1\/2&Prime;][vc_column_text] Une section \u00ab\u00a0Aviron Sant\u00e9\u00a0\u00bb\u00a0? Tout le monde le sait\u00a0; l\u2019aviron, c\u2019est bon pour la sant\u00e9\u00a0! Oui mais \u00e0 condition qu\u2019il soit pratiqu\u00e9 de fa\u00e7on adapt\u00e9e \u00e0 chaque situation. Quand un \u00ab\u00a0accident de sant\u00e9\u00a0\u00bb survient brutalement, quand une maladie envahit votre quotidien, la prise en charge m\u00e9dicale peut-\u00eatre grandement am\u00e9lior\u00e9e par&hellip;<\/p>\n","protected":false},"author":1,"featured_media":0,"parent":14947,"menu_order":0,"comment_status":"closed","ping_status":"closed","template":"","meta":{"footnotes":""},"class_list":["post-16227","page","type-page","status-publish","hentry","description-off"],"yoast_head":"<!-- This site is optimized with the Yoast SEO plugin v26.9 - https:\/\/yoast.com\/product\/yoast-seo-wordpress\/ -->\n<title>Aviron Sant\u00e9 - Aviron Dijonnais<\/title>\n<meta name=\"robots\" content=\"index, follow, max-snippet:-1, max-image-preview:large, max-video-preview:-1\" \/>\n<link rel=\"canonical\" href=\"https:\/\/avirondijonnais.com\/index.php\/club\/aviron-sante\/\" \/>\n<meta property=\"og:locale\" content=\"fr_FR\" \/>\n<meta property=\"og:type\" content=\"article\" \/>\n<meta property=\"og:title\" content=\"Aviron Sant\u00e9 - Aviron Dijonnais\" \/>\n<meta property=\"og:description\" content=\"[vc_row][vc_column][vc_separator color=\u00a0\u00bbwhite\u00a0\u00bb border_width=\u00a0\u00bb6&Prime;][\/vc_column][\/vc_row][vc_row gap=\u00a0\u00bb5&Prime;][vc_column width=\u00a0\u00bb1\/2&Prime;][vc_column_text] Une section \u00ab\u00a0Aviron Sant\u00e9\u00a0\u00bb\u00a0? Tout le monde le sait\u00a0; l\u2019aviron, c\u2019est bon pour la sant\u00e9\u00a0! Oui mais \u00e0 condition qu\u2019il soit pratiqu\u00e9 de fa\u00e7on adapt\u00e9e \u00e0 chaque situation. Quand un \u00ab\u00a0accident de sant\u00e9\u00a0\u00bb survient brutalement, quand une maladie envahit votre quotidien, la prise en charge m\u00e9dicale peut-\u00eatre grandement am\u00e9lior\u00e9e par&hellip;\" \/>\n<meta property=\"og:url\" content=\"https:\/\/avirondijonnais.com\/index.php\/club\/aviron-sante\/\" \/>\n<meta property=\"og:site_name\" content=\"Aviron Dijonnais\" \/>\n<meta property=\"article:modified_time\" content=\"2025-08-22T08:46:41+00:00\" \/>\n<meta name=\"twitter:card\" content=\"summary_large_image\" \/>\n<meta name=\"twitter:label1\" content=\"Dur\u00e9e de lecture estim\u00e9e\" \/>\n\t<meta name=\"twitter:data1\" content=\"2 minutes\" \/>\n<script type=\"application\/ld+json\" class=\"yoast-schema-graph\">{\"@context\":\"https:\/\/schema.org\",\"@graph\":[{\"@type\":\"WebPage\",\"@id\":\"https:\/\/avirondijonnais.com\/index.php\/club\/aviron-sante\/\",\"url\":\"https:\/\/avirondijonnais.com\/index.php\/club\/aviron-sante\/\",\"name\":\"Aviron Sant\u00e9 - Aviron Dijonnais\",\"isPartOf\":{\"@id\":\"https:\/\/avirondijonnais.com\/#website\"},\"datePublished\":\"2019-01-20T18:19:13+00:00\",\"dateModified\":\"2025-08-22T08:46:41+00:00\",\"breadcrumb\":{\"@id\":\"https:\/\/avirondijonnais.com\/index.php\/club\/aviron-sante\/#breadcrumb\"},\"inLanguage\":\"fr-FR\",\"potentialAction\":[{\"@type\":\"ReadAction\",\"target\":[\"https:\/\/avirondijonnais.com\/index.php\/club\/aviron-sante\/\"]}]},{\"@type\":\"BreadcrumbList\",\"@id\":\"https:\/\/avirondijonnais.com\/index.php\/club\/aviron-sante\/#breadcrumb\",\"itemListElement\":[{\"@type\":\"ListItem\",\"position\":1,\"name\":\"Accueil\",\"item\":\"https:\/\/avirondijonnais.com\/\"},{\"@type\":\"ListItem\",\"position\":2,\"name\":\"Venez ramer\",\"item\":\"https:\/\/avirondijonnais.com\/index.php\/club\/\"},{\"@type\":\"ListItem\",\"position\":3,\"name\":\"Aviron Sant\u00e9\"}]},{\"@type\":\"WebSite\",\"@id\":\"https:\/\/avirondijonnais.com\/#website\",\"url\":\"https:\/\/avirondijonnais.com\/\",\"name\":\"Aviron Dijonnais\",\"description\":\"L&#039;aviron loisirs, pour les jeunes, pour tous \u00e0 Dijon sur le lac kir \u00e0 la base nautique\",\"potentialAction\":[{\"@type\":\"SearchAction\",\"target\":{\"@type\":\"EntryPoint\",\"urlTemplate\":\"https:\/\/avirondijonnais.com\/?s={search_term_string}\"},\"query-input\":{\"@type\":\"PropertyValueSpecification\",\"valueRequired\":true,\"valueName\":\"search_term_string\"}}],\"inLanguage\":\"fr-FR\"}]}<\/script>\n<!-- \/ Yoast SEO plugin. -->","yoast_head_json":{"title":"Aviron Sant\u00e9 - Aviron Dijonnais","robots":{"index":"index","follow":"follow","max-snippet":"max-snippet:-1","max-image-preview":"max-image-preview:large","max-video-preview":"max-video-preview:-1"},"canonical":"https:\/\/avirondijonnais.com\/index.php\/club\/aviron-sante\/","og_locale":"fr_FR","og_type":"article","og_title":"Aviron Sant\u00e9 - Aviron Dijonnais","og_description":"[vc_row][vc_column][vc_separator color=\u00a0\u00bbwhite\u00a0\u00bb border_width=\u00a0\u00bb6&Prime;][\/vc_column][\/vc_row][vc_row gap=\u00a0\u00bb5&Prime;][vc_column width=\u00a0\u00bb1\/2&Prime;][vc_column_text] Une section \u00ab\u00a0Aviron Sant\u00e9\u00a0\u00bb\u00a0? Tout le monde le sait\u00a0; l\u2019aviron, c\u2019est bon pour la sant\u00e9\u00a0! Oui mais \u00e0 condition qu\u2019il soit pratiqu\u00e9 de fa\u00e7on adapt\u00e9e \u00e0 chaque situation. Quand un \u00ab\u00a0accident de sant\u00e9\u00a0\u00bb survient brutalement, quand une maladie envahit votre quotidien, la prise en charge m\u00e9dicale peut-\u00eatre grandement am\u00e9lior\u00e9e par&hellip;","og_url":"https:\/\/avirondijonnais.com\/index.php\/club\/aviron-sante\/","og_site_name":"Aviron Dijonnais","article_modified_time":"2025-08-22T08:46:41+00:00","twitter_card":"summary_large_image","twitter_misc":{"Dur\u00e9e de lecture estim\u00e9e":"2 minutes"},"schema":{"@context":"https:\/\/schema.org","@graph":[{"@type":"WebPage","@id":"https:\/\/avirondijonnais.com\/index.php\/club\/aviron-sante\/","url":"https:\/\/avirondijonnais.com\/index.php\/club\/aviron-sante\/","name":"Aviron Sant\u00e9 - Aviron Dijonnais","isPartOf":{"@id":"https:\/\/avirondijonnais.com\/#website"},"datePublished":"2019-01-20T18:19:13+00:00","dateModified":"2025-08-22T08:46:41+00:00","breadcrumb":{"@id":"https:\/\/avirondijonnais.com\/index.php\/club\/aviron-sante\/#breadcrumb"},"inLanguage":"fr-FR","potentialAction":[{"@type":"ReadAction","target":["https:\/\/avirondijonnais.com\/index.php\/club\/aviron-sante\/"]}]},{"@type":"BreadcrumbList","@id":"https:\/\/avirondijonnais.com\/index.php\/club\/aviron-sante\/#breadcrumb","itemListElement":[{"@type":"ListItem","position":1,"name":"Accueil","item":"https:\/\/avirondijonnais.com\/"},{"@type":"ListItem","position":2,"name":"Venez ramer","item":"https:\/\/avirondijonnais.com\/index.php\/club\/"},{"@type":"ListItem","position":3,"name":"Aviron Sant\u00e9"}]},{"@type":"WebSite","@id":"https:\/\/avirondijonnais.com\/#website","url":"https:\/\/avirondijonnais.com\/","name":"Aviron Dijonnais","description":"L&#039;aviron loisirs, pour les jeunes, pour tous \u00e0 Dijon sur le lac kir \u00e0 la base nautique","potentialAction":[{"@type":"SearchAction","target":{"@type":"EntryPoint","urlTemplate":"https:\/\/avirondijonnais.com\/?s={search_term_string}"},"query-input":{"@type":"PropertyValueSpecification","valueRequired":true,"valueName":"search_term_string"}}],"inLanguage":"fr-FR"}]}},"_links":{"self":[{"href":"http:\/\/avirondijonnais.com\/index.php\/wp-json\/wp\/v2\/pages\/16227","targetHints":{"allow":["GET"]}}],"collection":[{"href":"http:\/\/avirondijonnais.com\/index.php\/wp-json\/wp\/v2\/pages"}],"about":[{"href":"http:\/\/avirondijonnais.com\/index.php\/wp-json\/wp\/v2\/types\/page"}],"author":[{"embeddable":true,"href":"http:\/\/avirondijonnais.com\/index.php\/wp-json\/wp\/v2\/users\/1"}],"replies":[{"embeddable":true,"href":"http:\/\/avirondijonnais.com\/index.php\/wp-json\/wp\/v2\/comments?post=16227"}],"version-history":[{"count":18,"href":"http:\/\/avirondijonnais.com\/index.php\/wp-json\/wp\/v2\/pages\/16227\/revisions"}],"predecessor-version":[{"id":18232,"href":"http:\/\/avirondijonnais.com\/index.php\/wp-json\/wp\/v2\/pages\/16227\/revisions\/18232"}],"up":[{"embeddable":true,"href":"http:\/\/avirondijonnais.com\/index.php\/wp-json\/wp\/v2\/pages\/14947"}],"wp:attachment":[{"href":"http:\/\/avirondijonnais.com\/index.php\/wp-json\/wp\/v2\/media?parent=16227"}],"curies":[{"name":"wp","href":"https:\/\/api.w.org\/{rel}","templated":true}]}}