{"id":17751,"date":"2023-07-25T21:51:28","date_gmt":"2023-07-25T19:51:28","guid":{"rendered":"https:\/\/avirondijonnais.com\/?page_id=17751"},"modified":"2025-02-08T18:18:53","modified_gmt":"2025-02-08T17:18:53","slug":"competition","status":"publish","type":"page","link":"http:\/\/avirondijonnais.com\/index.php\/competition\/","title":{"rendered":"Comp\u00e9tition"},"content":{"rendered":"<div class=\"wpb-content-wrapper\"><p>[vc_row][vc_column][vc_column_text]<img loading=\"lazy\" decoding=\"async\" class=\"wp-image-17757 aligncenter\" src=\"http:\/\/avirondijonnais.com\/wp-content\/uploads\/2023\/07\/banniere-competition02-300x75.png\" alt=\"\" width=\"1684\" height=\"421\" srcset=\"http:\/\/avirondijonnais.com\/wp-content\/uploads\/2023\/07\/banniere-competition02-300x75.png 300w, http:\/\/avirondijonnais.com\/wp-content\/uploads\/2023\/07\/banniere-competition02-1024x255.png 1024w, http:\/\/avirondijonnais.com\/wp-content\/uploads\/2023\/07\/banniere-competition02-768x191.png 768w, http:\/\/avirondijonnais.com\/wp-content\/uploads\/2023\/07\/banniere-competition02-1320x329.png 1320w\" sizes=\"auto, (max-width: 1684px) 100vw, 1684px\" \/>[\/vc_column_text][\/vc_column][\/vc_row][vc_row][vc_column][vc_single_image image=\u00a0\u00bb18146&Prime; img_size=\u00a0\u00bb635&#215;422&Prime; alignment=\u00a0\u00bbcenter\u00a0\u00bb][vc_column_text]Ci-dessous la liste des principales comp\u00e9titions pour la saison 2024-2025<\/p>\n<table>\n<tbody>\n<tr>\n<td width=\"151\">DATE<\/td>\n<td width=\"113\">LIEU<\/td>\n<td width=\"189\">EVENEMENT<\/td>\n<td width=\"151\">RESULTATS<\/td>\n<\/tr>\n<tr>\n<td width=\"151\">20 octobre 2024<\/td>\n<td width=\"113\">D\u00f4le<\/td>\n<td width=\"189\">R\u00e9gate de Dole<\/td>\n<td width=\"151\"><a href=\"http:\/\/avirondijonnais.com\/index.php\/2024\/10\/22\/regate-de-dole-2\/\">r\u00e9sultats<\/a><\/td>\n<\/tr>\n<tr>\n<td width=\"151\">11 novembre 2024<\/td>\n<td width=\"113\">M\u00e2con<\/td>\n<td width=\"189\">T\u00eate de rivi\u00e8re<\/td>\n<td width=\"151\"><a href=\"http:\/\/avirondijonnais.com\/index.php\/2024\/11\/14\/tete-de-riviere-macon\/\">r\u00e9sultats<\/a><\/td>\n<\/tr>\n<tr>\n<td width=\"151\">15 d\u00e9cembre 2024<\/td>\n<td width=\"113\">Le Creusot<\/td>\n<td width=\"189\">Test ergo<\/td>\n<td width=\"151\"><a href=\"http:\/\/avirondijonnais.com\/index.php\/2024\/12\/10\/test-ergo\/\">r\u00e9sultats<\/a><\/td>\n<\/tr>\n<tr>\n<td width=\"151\">31 jan et 1 f\u00e9v 2025<\/td>\n<td width=\"113\">Paris<\/td>\n<td width=\"189\"><strong>Chpt de France indoor<\/strong><\/td>\n<td width=\"151\"><a href=\"http:\/\/avirondijonnais.com\/index.php\/2025\/02\/08\/championnat-de-france-aviron-indoor-2025\/\">r\u00e9sultats<\/a><\/td>\n<\/tr>\n<tr>\n<td width=\"151\">1 au 3 mars 2025<\/td>\n<td width=\"113\">M\u00e2con<\/td>\n<td width=\"189\"><strong>Chpt de France longue distance<\/strong><\/td>\n<td width=\"151\"><\/td>\n<\/tr>\n<tr>\n<td width=\"151\">16 mars 2025<\/td>\n<td width=\"113\">M\u00e2con<\/td>\n<td width=\"189\">T\u00eate de rivi\u00e8re<\/td>\n<td style=\"text-align: left;\" width=\"151\"><\/td>\n<\/tr>\n<tr>\n<td width=\"151\">29 mars au 3 avril 2025<\/td>\n<td width=\"113\">(?)<\/td>\n<td width=\"189\"><strong>Chpt de zone bateaux courts<\/strong><\/td>\n<td width=\"151\"><\/td>\n<\/tr>\n<tr>\n<td width=\"151\"><span style=\"color: #ff9900;\">11 et 15 avril 2025<\/span><\/td>\n<td width=\"113\"><span style=\"color: #ff9900;\">Cazaubon<\/span><\/td>\n<td width=\"189\"><span style=\"color: #ff9900;\">Chpt de France bateaux courts<\/span><\/td>\n<td width=\"151\"><\/td>\n<\/tr>\n<tr>\n<td width=\"151\">3 et 4 mai 2025<\/td>\n<td width=\"113\">M\u00e2con<\/td>\n<td width=\"189\">R\u00e9gate internationale<\/td>\n<td width=\"151\"><\/td>\n<\/tr>\n<tr>\n<td width=\"151\">10 et 11 mai 2025<\/td>\n<td width=\"113\">Vichy<\/td>\n<td width=\"189\">R\u00e9gate pr\u00e9pa. bateaux longs<\/td>\n<td width=\"151\"><\/td>\n<\/tr>\n<tr>\n<td width=\"151\">27 et 28 juin 2025<\/td>\n<td width=\"113\">Brive-la-Gaillarde<\/td>\n<td width=\"189\"><strong>Chpt de France masters<\/strong><\/td>\n<td width=\"151\"><\/td>\n<\/tr>\n<tr>\n<td width=\"151\">6 au 8 juin 2025<\/td>\n<td width=\"113\">Libourne<\/td>\n<td width=\"189\"><strong>Chpt de France sprint<\/strong><\/td>\n<td width=\"151\"><\/td>\n<\/tr>\n<tr>\n<td width=\"151\">11 et 12 octobre 2025<\/td>\n<td width=\"113\">M\u00e2con<\/td>\n<td width=\"189\"><strong>Chpt de France sprint<\/strong><\/td>\n<td width=\"151\"><\/td>\n<\/tr>\n<\/tbody>\n<\/table>\n<p>&nbsp;<\/p>\n<p>Ci-dessous le calendrier complet des comp\u00e9titions pour la saison 2024-2025[\/vc_column_text][\/vc_column][\/vc_row][vc_row][vc_column][vc_single_image image=\u00a0\u00bb18147&Prime; img_size=\u00a0\u00bblarge\u00a0\u00bb alignment=\u00a0\u00bbcenter\u00a0\u00bb][\/vc_column][\/vc_row]<\/p>\n<\/div>","protected":false},"excerpt":{"rendered":"<p>[vc_row][vc_column][vc_column_text][\/vc_column_text][\/vc_column][\/vc_row][vc_row][vc_column][vc_single_image image=\u00a0\u00bb18146&Prime; img_size=\u00a0\u00bb635&#215;422&Prime; alignment=\u00a0\u00bbcenter\u00a0\u00bb][vc_column_text]Ci-dessous la liste des principales comp\u00e9titions pour la saison 2024-2025 DATE LIEU EVENEMENT RESULTATS 20 octobre 2024 D\u00f4le R\u00e9gate de Dole r\u00e9sultats 11 novembre 2024 M\u00e2con T\u00eate de rivi\u00e8re r\u00e9sultats 15 d\u00e9cembre 2024 Le Creusot Test ergo r\u00e9sultats 31 jan et 1 f\u00e9v 2025 Paris Chpt de France indoor r\u00e9sultats 1 au&hellip;<\/p>\n","protected":false},"author":10,"featured_media":0,"parent":0,"menu_order":0,"comment_status":"closed","ping_status":"closed","template":"","meta":{"footnotes":""},"class_list":["post-17751","page","type-page","status-publish","hentry","description-off"],"yoast_head":"<!-- This site is optimized with the Yoast SEO plugin v26.9 - https:\/\/yoast.com\/product\/yoast-seo-wordpress\/ -->\n<title>Comp\u00e9tition - Aviron Dijonnais<\/title>\n<meta name=\"robots\" content=\"index, follow, max-snippet:-1, max-image-preview:large, max-video-preview:-1\" \/>\n<link rel=\"canonical\" href=\"https:\/\/avirondijonnais.com\/index.php\/competition\/\" \/>\n<meta property=\"og:locale\" content=\"fr_FR\" \/>\n<meta property=\"og:type\" content=\"article\" \/>\n<meta property=\"og:title\" content=\"Comp\u00e9tition - Aviron Dijonnais\" \/>\n<meta property=\"og:description\" content=\"[vc_row][vc_column][vc_column_text][\/vc_column_text][\/vc_column][\/vc_row][vc_row][vc_column][vc_single_image image=\u00a0\u00bb18146&Prime; img_size=\u00a0\u00bb635&#215;422&Prime; alignment=\u00a0\u00bbcenter\u00a0\u00bb][vc_column_text]Ci-dessous la liste des principales comp\u00e9titions pour la saison 2024-2025 DATE LIEU EVENEMENT RESULTATS 20 octobre 2024 D\u00f4le R\u00e9gate de Dole r\u00e9sultats 11 novembre 2024 M\u00e2con T\u00eate de rivi\u00e8re r\u00e9sultats 15 d\u00e9cembre 2024 Le Creusot Test ergo r\u00e9sultats 31 jan et 1 f\u00e9v 2025 Paris Chpt de France indoor r\u00e9sultats 1 au&hellip;\" \/>\n<meta property=\"og:url\" content=\"https:\/\/avirondijonnais.com\/index.php\/competition\/\" \/>\n<meta property=\"og:site_name\" content=\"Aviron Dijonnais\" \/>\n<meta property=\"article:modified_time\" content=\"2025-02-08T17:18:53+00:00\" \/>\n<meta property=\"og:image\" content=\"http:\/\/avirondijonnais.com\/wp-content\/uploads\/2023\/07\/banniere-competition02-300x75.png\" \/>\n<meta name=\"twitter:card\" content=\"summary_large_image\" \/>\n<meta name=\"twitter:label1\" content=\"Dur\u00e9e de lecture estim\u00e9e\" \/>\n\t<meta name=\"twitter:data1\" content=\"1 minute\" \/>\n<script type=\"application\/ld+json\" class=\"yoast-schema-graph\">{\"@context\":\"https:\/\/schema.org\",\"@graph\":[{\"@type\":\"WebPage\",\"@id\":\"https:\/\/avirondijonnais.com\/index.php\/competition\/\",\"url\":\"https:\/\/avirondijonnais.com\/index.php\/competition\/\",\"name\":\"Comp\u00e9tition - Aviron Dijonnais\",\"isPartOf\":{\"@id\":\"https:\/\/avirondijonnais.com\/#website\"},\"primaryImageOfPage\":{\"@id\":\"https:\/\/avirondijonnais.com\/index.php\/competition\/#primaryimage\"},\"image\":{\"@id\":\"https:\/\/avirondijonnais.com\/index.php\/competition\/#primaryimage\"},\"thumbnailUrl\":\"http:\/\/avirondijonnais.com\/wp-content\/uploads\/2023\/07\/banniere-competition02-300x75.png\",\"datePublished\":\"2023-07-25T19:51:28+00:00\",\"dateModified\":\"2025-02-08T17:18:53+00:00\",\"breadcrumb\":{\"@id\":\"https:\/\/avirondijonnais.com\/index.php\/competition\/#breadcrumb\"},\"inLanguage\":\"fr-FR\",\"potentialAction\":[{\"@type\":\"ReadAction\",\"target\":[\"https:\/\/avirondijonnais.com\/index.php\/competition\/\"]}]},{\"@type\":\"ImageObject\",\"inLanguage\":\"fr-FR\",\"@id\":\"https:\/\/avirondijonnais.com\/index.php\/competition\/#primaryimage\",\"url\":\"http:\/\/avirondijonnais.com\/wp-content\/uploads\/2023\/07\/banniere-competition02.png\",\"contentUrl\":\"http:\/\/avirondijonnais.com\/wp-content\/uploads\/2023\/07\/banniere-competition02.png\",\"width\":1920,\"height\":478},{\"@type\":\"BreadcrumbList\",\"@id\":\"https:\/\/avirondijonnais.com\/index.php\/competition\/#breadcrumb\",\"itemListElement\":[{\"@type\":\"ListItem\",\"position\":1,\"name\":\"Accueil\",\"item\":\"http:\/\/avirondijonnais.com\/\"},{\"@type\":\"ListItem\",\"position\":2,\"name\":\"Comp\u00e9tition\"}]},{\"@type\":\"WebSite\",\"@id\":\"https:\/\/avirondijonnais.com\/#website\",\"url\":\"https:\/\/avirondijonnais.com\/\",\"name\":\"Aviron Dijonnais\",\"description\":\"L&#039;aviron loisirs, pour les jeunes, pour tous \u00e0 Dijon sur le lac kir \u00e0 la base nautique\",\"potentialAction\":[{\"@type\":\"SearchAction\",\"target\":{\"@type\":\"EntryPoint\",\"urlTemplate\":\"https:\/\/avirondijonnais.com\/?s={search_term_string}\"},\"query-input\":{\"@type\":\"PropertyValueSpecification\",\"valueRequired\":true,\"valueName\":\"search_term_string\"}}],\"inLanguage\":\"fr-FR\"}]}<\/script>\n<!-- \/ Yoast SEO plugin. -->","yoast_head_json":{"title":"Comp\u00e9tition - Aviron Dijonnais","robots":{"index":"index","follow":"follow","max-snippet":"max-snippet:-1","max-image-preview":"max-image-preview:large","max-video-preview":"max-video-preview:-1"},"canonical":"https:\/\/avirondijonnais.com\/index.php\/competition\/","og_locale":"fr_FR","og_type":"article","og_title":"Comp\u00e9tition - Aviron Dijonnais","og_description":"[vc_row][vc_column][vc_column_text][\/vc_column_text][\/vc_column][\/vc_row][vc_row][vc_column][vc_single_image image=\u00a0\u00bb18146&Prime; img_size=\u00a0\u00bb635&#215;422&Prime; alignment=\u00a0\u00bbcenter\u00a0\u00bb][vc_column_text]Ci-dessous la liste des principales comp\u00e9titions pour la saison 2024-2025 DATE LIEU EVENEMENT RESULTATS 20 octobre 2024 D\u00f4le R\u00e9gate de Dole r\u00e9sultats 11 novembre 2024 M\u00e2con T\u00eate de rivi\u00e8re r\u00e9sultats 15 d\u00e9cembre 2024 Le Creusot Test ergo r\u00e9sultats 31 jan et 1 f\u00e9v 2025 Paris Chpt de France indoor r\u00e9sultats 1 au&hellip;","og_url":"https:\/\/avirondijonnais.com\/index.php\/competition\/","og_site_name":"Aviron Dijonnais","article_modified_time":"2025-02-08T17:18:53+00:00","og_image":[{"url":"http:\/\/avirondijonnais.com\/wp-content\/uploads\/2023\/07\/banniere-competition02-300x75.png","type":"","width":"","height":""}],"twitter_card":"summary_large_image","twitter_misc":{"Dur\u00e9e de lecture estim\u00e9e":"1 minute"},"schema":{"@context":"https:\/\/schema.org","@graph":[{"@type":"WebPage","@id":"https:\/\/avirondijonnais.com\/index.php\/competition\/","url":"https:\/\/avirondijonnais.com\/index.php\/competition\/","name":"Comp\u00e9tition - Aviron Dijonnais","isPartOf":{"@id":"https:\/\/avirondijonnais.com\/#website"},"primaryImageOfPage":{"@id":"https:\/\/avirondijonnais.com\/index.php\/competition\/#primaryimage"},"image":{"@id":"https:\/\/avirondijonnais.com\/index.php\/competition\/#primaryimage"},"thumbnailUrl":"http:\/\/avirondijonnais.com\/wp-content\/uploads\/2023\/07\/banniere-competition02-300x75.png","datePublished":"2023-07-25T19:51:28+00:00","dateModified":"2025-02-08T17:18:53+00:00","breadcrumb":{"@id":"https:\/\/avirondijonnais.com\/index.php\/competition\/#breadcrumb"},"inLanguage":"fr-FR","potentialAction":[{"@type":"ReadAction","target":["https:\/\/avirondijonnais.com\/index.php\/competition\/"]}]},{"@type":"ImageObject","inLanguage":"fr-FR","@id":"https:\/\/avirondijonnais.com\/index.php\/competition\/#primaryimage","url":"http:\/\/avirondijonnais.com\/wp-content\/uploads\/2023\/07\/banniere-competition02.png","contentUrl":"http:\/\/avirondijonnais.com\/wp-content\/uploads\/2023\/07\/banniere-competition02.png","width":1920,"height":478},{"@type":"BreadcrumbList","@id":"https:\/\/avirondijonnais.com\/index.php\/competition\/#breadcrumb","itemListElement":[{"@type":"ListItem","position":1,"name":"Accueil","item":"http:\/\/avirondijonnais.com\/"},{"@type":"ListItem","position":2,"name":"Comp\u00e9tition"}]},{"@type":"WebSite","@id":"https:\/\/avirondijonnais.com\/#website","url":"https:\/\/avirondijonnais.com\/","name":"Aviron Dijonnais","description":"L&#039;aviron loisirs, pour les jeunes, pour tous \u00e0 Dijon sur le lac kir \u00e0 la base nautique","potentialAction":[{"@type":"SearchAction","target":{"@type":"EntryPoint","urlTemplate":"https:\/\/avirondijonnais.com\/?s={search_term_string}"},"query-input":{"@type":"PropertyValueSpecification","valueRequired":true,"valueName":"search_term_string"}}],"inLanguage":"fr-FR"}]}},"_links":{"self":[{"href":"http:\/\/avirondijonnais.com\/index.php\/wp-json\/wp\/v2\/pages\/17751","targetHints":{"allow":["GET"]}}],"collection":[{"href":"http:\/\/avirondijonnais.com\/index.php\/wp-json\/wp\/v2\/pages"}],"about":[{"href":"http:\/\/avirondijonnais.com\/index.php\/wp-json\/wp\/v2\/types\/page"}],"author":[{"embeddable":true,"href":"http:\/\/avirondijonnais.com\/index.php\/wp-json\/wp\/v2\/users\/10"}],"replies":[{"embeddable":true,"href":"http:\/\/avirondijonnais.com\/index.php\/wp-json\/wp\/v2\/comments?post=17751"}],"version-history":[{"count":24,"href":"http:\/\/avirondijonnais.com\/index.php\/wp-json\/wp\/v2\/pages\/17751\/revisions"}],"predecessor-version":[{"id":18193,"href":"http:\/\/avirondijonnais.com\/index.php\/wp-json\/wp\/v2\/pages\/17751\/revisions\/18193"}],"wp:attachment":[{"href":"http:\/\/avirondijonnais.com\/index.php\/wp-json\/wp\/v2\/media?parent=17751"}],"curies":[{"name":"wp","href":"https:\/\/api.w.org\/{rel}","templated":true}]}}