{"id":14975,"date":"2017-12-18T14:18:20","date_gmt":"2017-12-18T13:18:20","guid":{"rendered":"http:\/\/beta.avirondijonnais.com\/?page_id=14975"},"modified":"2025-08-22T10:45:29","modified_gmt":"2025-08-22T08:45:29","slug":"essayer-aviron","status":"publish","type":"page","link":"https:\/\/avirondijonnais.com\/index.php\/essayer-aviron\/","title":{"rendered":"Essayez l&rsquo;aviron"},"content":{"rendered":"<div class=\"wpb-content-wrapper\"><p>[vc_row full_width=\u00a0\u00bbstretch_row_content\u00a0\u00bb][vc_column]<div class=\"dt-fancy-separator h1-size style-disabled\" style=\"width: 100%;\"><div class=\"dt-fancy-title\" style=\"color: #5383d1;\"><span class=\"separator-holder separator-left\"><\/span>ESSAYER L&#039;AVIRON<span class=\"separator-holder separator-right\"><\/span><\/div><\/div>[vc_separator color=\u00a0\u00bbwhite\u00a0\u00bb border_width=\u00a0\u00bb6&Prime;][vc_separator style=\u00a0\u00bbshadow\u00a0\u00bb border_width=\u00a0\u00bb7&Prime;][\/vc_column][\/vc_row][vc_row full_width=\u00a0\u00bbstretch_row_content\u00a0\u00bb css=\u00a0\u00bb.vc_custom_1516702983036{margin-bottom: 10px !important;padding-right: 50px !important;padding-left: 50px !important;}\u00a0\u00bb][vc_column]<div class=\"dt-fancy-separator h3-size accent-title-color\" style=\"width: 100%;\"><div class=\"dt-fancy-title bg-on\"><span class=\"separator-holder separator-left\"><\/span>O\u00f9 ?<span class=\"separator-holder separator-right\"><\/span><\/div><\/div>[vc_separator color=\u00a0\u00bbwhite\u00a0\u00bb][vc_column_text]<\/p>\n<p style=\"text-align: justify;\"><span style=\"font-weight: 400; color: #000000; font-size: 18px;\"><span style=\"color: #777777;\">Les initiations se d\u00e9roulent sur le lac Kir. Rendez-vous au club situ\u00e9 \u00e0 la base nautique : voici comment<\/span> <a href=\"http:\/\/avirondijonnais.com\/index.php\/contact\/\"><strong>venir au lac Kir<\/strong><\/a>.<\/span><\/p>\n<p>[\/vc_column_text][\/vc_column][\/vc_row][vc_row full_width=\u00a0\u00bbstretch_row_content\u00a0\u00bb css=\u00a0\u00bb.vc_custom_1516702996700{padding-right: 50px !important;padding-left: 50px !important;}\u00a0\u00bb][vc_column width=\u00a0\u00bb1\/2&Prime;]<div class=\"dt-fancy-separator h3-size accent-title-color\" style=\"width: 100%;\"><div class=\"dt-fancy-title bg-on\"><span class=\"separator-holder separator-left\"><\/span>Quand ?<span class=\"separator-holder separator-right\"><\/span><\/div><\/div>[vc_column_text css=\u00a0\u00bb.vc_custom_1692437669962{margin-top: 30px !important;}\u00a0\u00bb]<\/p>\n<p style=\"text-align: justify;\"><span style=\"font-weight: 400; font-size: 18px; color: #777777;\">Vous pouvez essayer l&rsquo;aviron\u00a0sur des embarcations adapt\u00e9es\u00a0toutes l&rsquo;ann\u00e9e (sauf en ao\u00fbt) ou bien aussi lors de manifestations ponctuelles comme le Grand D\u00e9j&rsquo; des association. Nous accueillons \u00e9galement les comit\u00e9s d&rsquo;entreprise pour des activit\u00e9s de groupe.<\/span><\/p>\n<p style=\"text-align: justify;\"><span style=\"font-weight: 400; font-size: 18px; color: #777777;\">Si cela vous int\u00e9resse, il est conseill\u00e9 de nous<\/span> <span style=\"font-size: 18px;\"><a href=\"http:\/\/avirondijonnais.com\/index.php\/contact\/\"><strong> envoyer un mail<\/strong><\/a><\/span><span style=\"font-weight: 400; font-size: 18px;\"><span style=\"color: #000000;\"><span style=\"color: #777777;\"> afin que nous puissions vous accueillir dans les meilleures conditions.<\/span><\/span><\/span><\/p>\n<p style=\"text-align: justify;\"><span style=\"font-weight: 400; font-size: 18px;\"><span style=\"color: #000000;\"><span style=\"color: #777777;\">Au besoin, vous pouvez imprimer et venir avec le <strong><a href=\"https:\/\/avirondijonnais.com\/index.php\/inscriptions\/\" target=\"_blank\" rel=\"noopener\">formulaire d&rsquo;initiation compl\u00e9t\u00e9<\/a><\/strong>.<\/span><\/span><\/span><\/p>\n<p>[\/vc_column_text][\/vc_column][vc_column width=\u00a0\u00bb1\/2&Prime;][vc_separator color=\u00a0\u00bbwhite\u00a0\u00bb][vc_single_image image=\u00a0\u00bb15222&Prime; img_size=\u00a0\u00bblarge\u00a0\u00bb alignment=\u00a0\u00bbcenter\u00a0\u00bb css=\u00a0\u00bb.vc_custom_1516876726252{margin-bottom: 40px !important;margin-left: 10px !important;}\u00a0\u00bb][\/vc_column][\/vc_row][vc_row full_width=\u00a0\u00bbstretch_row_content\u00a0\u00bb css=\u00a0\u00bb.vc_custom_1516703017543{padding-right: 50px !important;padding-left: 50px !important;}\u00a0\u00bb][vc_column]<div class=\"dt-fancy-separator h3-size accent-title-color\" style=\"width: 100%;\"><div class=\"dt-fancy-title bg-on\"><span class=\"separator-holder separator-left\"><\/span>Les horaires pour essayer<span class=\"separator-holder separator-right\"><\/span><\/div><\/div>[vc_separator color=\u00a0\u00bbwhite\u00a0\u00bb][vc_accordion active_tab=\u00a0\u00bb1&Prime;][vc_accordion_tab title=\u00a0\u00bb<b>Les adultes<\/b>\u00ab\u00a0][vc_column_text]Le samedi matin \u00e0 10h30 (toute l&rsquo;ann\u00e9e, sauf en ao\u00fbt),[\/vc_column_text][\/vc_accordion_tab][vc_accordion_tab title=\u00a0\u00bb<b>Les jeunes (\u00e0 partir de 12 ans r\u00e9volus)<\/b>\u00ab\u00a0][vc_column_text]Le samedi \u00e0 10h30 (toute l&rsquo;ann\u00e9e, sauf en ao\u00fbt)[\/vc_column_text][\/vc_accordion_tab][vc_accordion_tab title=\u00a0\u00bb<b>Aviron sant\u00e9 &amp; adapt\u00e9<\/b>\u00ab\u00a0][vc_column_text]Le mardi \u00e0 18h00 (sauf en ao\u00fbt) \u00e0 la base nautique du lac Kir (horaire d&rsquo;\u00e9t\u00e9 = s\u00e9ance sur l&rsquo;eau ; horaire d&rsquo;hiver = aviron indoor)[\/vc_column_text][\/vc_accordion_tab][\/vc_accordion][\/vc_column][\/vc_row][vc_row full_width=\u00a0\u00bbstretch_row_content\u00a0\u00bb css=\u00a0\u00bb.vc_custom_1516703017543{padding-right: 50px !important;padding-left: 50px !important;}\u00a0\u00bb][vc_column css=\u00a0\u00bb.vc_custom_1516703430358{margin-top: 50px !important;}\u00a0\u00bb]<div class=\"dt-fancy-separator h3-size accent-title-color\" style=\"width: 100%;\"><div class=\"dt-fancy-title bg-on\"><span class=\"separator-holder separator-left\"><\/span>Qui ?<span class=\"separator-holder separator-right\"><\/span><\/div><\/div>[vc_separator color=\u00a0\u00bbwhite\u00a0\u00bb][vc_column_text]<\/p>\n<p style=\"text-align: justify;\"><span style=\"font-weight: 400; font-size: 18px; color: #777777;\">Tout le monde peut essayer l&rsquo;aviron, \u00e0 condition toutefois :<\/span><\/p>\n<ul>\n<li style=\"font-weight: 400; text-align: justify;\"><span style=\"font-weight: 400; font-size: 18px; color: #777777;\">d&rsquo;\u00eatre \u00e2g\u00e9 de 12 ans r\u00e9volus au moins (cette condition est requise pour des raisons mat\u00e9rielles).<\/span><\/li>\n<li style=\"font-weight: 400; text-align: justify;\"><span style=\"font-weight: 400; font-size: 18px; color: #777777;\">Savoir nager (on demandera une simple d\u00e9claration sur l&rsquo;honneur, il n&rsquo;est pas n\u00e9cessaire d&rsquo;avoir un certificat d\u00e9livr\u00e9 par un ma\u00eetre nageur) <\/span><\/li>\n<li style=\"font-weight: 400; text-align: justify;\"><span style=\"font-weight: 400; font-size: 18px; color: #777777;\">\u00catre en condition physique normale.<\/span><\/li>\n<\/ul>\n<p><a class=\"liencontenu\" style=\"color: #cc3f3f;\" href=\"http:\/\/avirondijonnais.com\/index.php\/club\/aviron-sante\/\"><span style=\"font-weight: 400; font-size: 18px;\"><strong>Pour l&rsquo;Aviron Sant\u00e9, vous pouvez consulter la page suivante<\/strong><\/span><\/a>[\/vc_column_text][\/vc_column][\/vc_row][vc_row full_width=\u00a0\u00bbstretch_row_content\u00a0\u00bb css=\u00a0\u00bb.vc_custom_1516703031398{padding-right: 50px !important;padding-left: 50px !important;}\u00a0\u00bb][vc_column width=\u00a0\u00bb1\/2&Prime;][vc_separator color=\u00a0\u00bbwhite\u00a0\u00bb][vc_single_image image=\u00a0\u00bb15181&Prime; img_size=\u00a0\u00bb800&#215;420&Prime; css=\u00a0\u00bb.vc_custom_1516876370992{margin-right: 10px !important;}\u00a0\u00bb][\/vc_column][vc_column width=\u00a0\u00bb1\/2&Prime;]<div class=\"dt-fancy-separator h3-size accent-title-color\" style=\"width: 100%;\"><div class=\"dt-fancy-title bg-on\"><span class=\"separator-holder separator-left\"><\/span>Comment ?<span class=\"separator-holder separator-right\"><\/span><\/div><\/div>[vc_separator color=\u00a0\u00bbwhite\u00a0\u00bb][vc_column_text]<\/p>\n<p style=\"text-align: justify;\"><span style=\"font-weight: 400; color: #777777; font-size: 18px;\">Le d\u00e9roulement de la s\u00e9ance :<\/span><\/p>\n<ul style=\"text-align: justify;\">\n<li style=\"font-weight: 400;\"><span style=\"font-weight: 400; color: #777777; font-size: 18px;\">Pr\u00e9sentation de l\u2019Aviron Dijonnais.<\/span><\/li>\n<li style=\"font-weight: 400;\"><span style=\"font-weight: 400; color: #777777; font-size: 18px;\">Pr\u00e9sentation du mat\u00e9riel et premi\u00e8res sensations sur les ergom\u00e8tres (machine \u00e0 ramer indoor).<\/span><\/li>\n<li style=\"font-weight: 400;\"><span style=\"font-weight: 400; color: #777777; font-size: 18px;\">D\u00e9couverte de l\u2019aviron sur l\u2019eau, nos moniteurs vous apprendront comment manier et d\u00e9placer votre embarcation, en respectant les r\u00e8gles de navigation sur le Lac Kir.<\/span><\/li>\n<\/ul>\n<p style=\"text-align: justify;\"><span style=\"font-weight: 400; color: #777777; font-size: 18px;\">Que ce soit sur nos planches \u00e0 ramer ou sur nos bateaux d&rsquo;initiation, vous go\u00fbterez aux premi\u00e8res sensations de glisse en toute s\u00e9curit\u00e9. Et si vous avez d\u00e9j\u00e0 ram\u00e9, vous pourrez m\u00eame faire partie de l&rsquo;\u00e9quipage d&rsquo;une yolette, le bateau d&rsquo;aviron loisir par excellence de par sa stabilit\u00e9, qui est id\u00e9al pour les randonn\u00e9es et les promenades. <\/span><\/p>\n<p>[\/vc_column_text][\/vc_column][\/vc_row][vc_row full_width=\u00a0\u00bbstretch_row_content\u00a0\u00bb css=\u00a0\u00bb.vc_custom_1516703043366{padding-right: 50px !important;padding-left: 50px !important;}\u00a0\u00bb][vc_column][vc_column_text]<\/p>\n<p style=\"text-align: justify;\"><span style=\"font-weight: 400; color: #777777; font-size: 18px;\">Une tenue confortable et sportive avec des chaussures qui ne craignent pas les \u00e9claboussures. De la cr\u00e8me solaire et une bouteille d&rsquo;eau s&rsquo;il fait beau. En cas de pluie pr\u00e9voir un coupe-vent : qu&rsquo;il pleuve ou qu&rsquo;il neige, le rameur n&rsquo;h\u00e9site pas \u00e0 sortir tant il est accro \u00e0 son sport !<\/span><\/p>\n<p>[\/vc_column_text][\/vc_column][\/vc_row][vc_row full_width=\u00a0\u00bbstretch_row_content\u00a0\u00bb css=\u00a0\u00bb.vc_custom_1516703056957{padding-right: 50px !important;padding-left: 50px !important;}\u00a0\u00bb][vc_column]<div class=\"dt-fancy-separator h3-size accent-title-color\" style=\"width: 100%;\"><div class=\"dt-fancy-title bg-on\"><span class=\"separator-holder separator-left\"><\/span>Combien ?<span class=\"separator-holder separator-right\"><\/span><\/div><\/div>[vc_separator color=\u00a0\u00bbwhite\u00a0\u00bb][vc_column_text]<\/p>\n<p style=\"text-align: justify;\"><span style=\"font-weight: 400; color: #777777; font-size: 18px;\">L&rsquo;initiation co\u00fbte 25 \u20ac, cela correspond aux frais d&rsquo;assurance sous la forme d&rsquo;une licence d\u00e9couverte. L&rsquo;inscription initiation est valable 7 jours de date \u00e0 date, non renouvelable. En cas d&rsquo;inscription au club par la suite, 10 \u20ac seront d\u00e9ductibles du tarif de votre cotisation.<\/span><\/p>\n<p>[\/vc_column_text][\/vc_column][\/vc_row][vc_row full_width=\u00a0\u00bbstretch_row_content\u00a0\u00bb css=\u00a0\u00bb.vc_custom_1516703069609{padding-right: 50px !important;padding-left: 50px !important;}\u00a0\u00bb][vc_column][vc_column_text]<\/p>\n<p style=\"font-size: 18px; color: black; text-align: justify;\"><span style=\"color: #777777;\">Comme en t\u00e9moignent les<\/span> <strong><a class=\"liencontenu\" style=\"color: #cc3f3f; font-weight: bold;\" href=\"https:\/\/france-paralympique.fr\/sport\/para-aviron\/\">jeux paralympiques<\/a><\/strong> <span style=\"color: #777777;\">l&rsquo;aviron peut \u00eatre pratiqu\u00e9 par beaucoup de personnes en situation de handicap. Le club n&rsquo;est pas adapt\u00e9 pour faire face \u00e0 toutes ces situations. Le mieux est de prendre<\/span> <a class=\"liencontenu\" style=\"color: #cc3f3f; font-weight: bold;\" href=\"mailto:contact@avirondijonnais.com\">contact par mail<\/a> <span style=\"color: #777777;\">pour \u00e9valuer les possibilit\u00e9s (par exemple, nous avons pu accueillir une rameuse non voyante).<\/span><\/p>\n<p>[\/vc_column_text][\/vc_column][\/vc_row][vc_row][vc_column][\/vc_column][\/vc_row][vc_row][vc_column][\/vc_column][\/vc_row]<\/p>\n<\/div>","protected":false},"excerpt":{"rendered":"<p>[vc_row full_width=\u00a0\u00bbstretch_row_content\u00a0\u00bb][vc_column][vc_separator color=\u00a0\u00bbwhite\u00a0\u00bb border_width=\u00a0\u00bb6&Prime;][vc_separator style=\u00a0\u00bbshadow\u00a0\u00bb border_width=\u00a0\u00bb7&Prime;][\/vc_column][\/vc_row][vc_row full_width=\u00a0\u00bbstretch_row_content\u00a0\u00bb css=\u00a0\u00bb.vc_custom_1516702983036{margin-bottom: 10px !important;padding-right: 50px !important;padding-left: 50px !important;}\u00a0\u00bb][vc_column][vc_separator color=\u00a0\u00bbwhite\u00a0\u00bb][vc_column_text] Les initiations se d\u00e9roulent sur le lac Kir. Rendez-vous au club situ\u00e9 \u00e0 la base nautique : voici comment venir au lac Kir. [\/vc_column_text][\/vc_column][\/vc_row][vc_row full_width=\u00a0\u00bbstretch_row_content\u00a0\u00bb css=\u00a0\u00bb.vc_custom_1516702996700{padding-right: 50px !important;padding-left: 50px !important;}\u00a0\u00bb][vc_column width=\u00a0\u00bb1\/2&Prime;][vc_column_text css=\u00a0\u00bb.vc_custom_1692437669962{margin-top: 30px !important;}\u00a0\u00bb] Vous pouvez essayer l&rsquo;aviron\u00a0sur des embarcations&hellip;<\/p>\n","protected":false},"author":1,"featured_media":0,"parent":0,"menu_order":0,"comment_status":"closed","ping_status":"closed","template":"","meta":{"footnotes":""},"class_list":["post-14975","page","type-page","status-publish","hentry","description-off"],"yoast_head":"<!-- This site is optimized with the Yoast SEO plugin v26.9 - https:\/\/yoast.com\/product\/yoast-seo-wordpress\/ -->\n<title>Essayez l&#039;aviron - Aviron Dijonnais<\/title>\n<meta name=\"robots\" content=\"index, follow, max-snippet:-1, max-image-preview:large, max-video-preview:-1\" \/>\n<link rel=\"canonical\" href=\"http:\/\/avirondijonnais.com\/index.php\/essayer-aviron\/\" \/>\n<meta property=\"og:locale\" content=\"fr_FR\" \/>\n<meta property=\"og:type\" content=\"article\" \/>\n<meta property=\"og:title\" content=\"Essayez l&#039;aviron - Aviron Dijonnais\" \/>\n<meta property=\"og:description\" content=\"[vc_row full_width=\u00a0\u00bbstretch_row_content\u00a0\u00bb][vc_column][vc_separator color=\u00a0\u00bbwhite\u00a0\u00bb border_width=\u00a0\u00bb6&Prime;][vc_separator style=\u00a0\u00bbshadow\u00a0\u00bb border_width=\u00a0\u00bb7&Prime;][\/vc_column][\/vc_row][vc_row full_width=\u00a0\u00bbstretch_row_content\u00a0\u00bb css=\u00a0\u00bb.vc_custom_1516702983036{margin-bottom: 10px !important;padding-right: 50px !important;padding-left: 50px !important;}\u00a0\u00bb][vc_column][vc_separator color=\u00a0\u00bbwhite\u00a0\u00bb][vc_column_text] Les initiations se d\u00e9roulent sur le lac Kir. Rendez-vous au club situ\u00e9 \u00e0 la base nautique : voici comment venir au lac Kir. [\/vc_column_text][\/vc_column][\/vc_row][vc_row full_width=\u00a0\u00bbstretch_row_content\u00a0\u00bb css=\u00a0\u00bb.vc_custom_1516702996700{padding-right: 50px !important;padding-left: 50px !important;}\u00a0\u00bb][vc_column width=\u00a0\u00bb1\/2&Prime;][vc_column_text css=\u00a0\u00bb.vc_custom_1692437669962{margin-top: 30px !important;}\u00a0\u00bb] Vous pouvez essayer l&rsquo;aviron\u00a0sur des embarcations&hellip;\" \/>\n<meta property=\"og:url\" content=\"http:\/\/avirondijonnais.com\/index.php\/essayer-aviron\/\" \/>\n<meta property=\"og:site_name\" content=\"Aviron Dijonnais\" \/>\n<meta property=\"article:modified_time\" content=\"2025-08-22T08:45:29+00:00\" \/>\n<meta name=\"twitter:card\" content=\"summary_large_image\" \/>\n<meta name=\"twitter:label1\" content=\"Dur\u00e9e de lecture estim\u00e9e\" \/>\n\t<meta name=\"twitter:data1\" content=\"4 minutes\" \/>\n<script type=\"application\/ld+json\" class=\"yoast-schema-graph\">{\"@context\":\"https:\/\/schema.org\",\"@graph\":[{\"@type\":\"WebPage\",\"@id\":\"http:\/\/avirondijonnais.com\/index.php\/essayer-aviron\/\",\"url\":\"http:\/\/avirondijonnais.com\/index.php\/essayer-aviron\/\",\"name\":\"Essayez l'aviron - Aviron Dijonnais\",\"isPartOf\":{\"@id\":\"https:\/\/avirondijonnais.com\/#website\"},\"datePublished\":\"2017-12-18T13:18:20+00:00\",\"dateModified\":\"2025-08-22T08:45:29+00:00\",\"breadcrumb\":{\"@id\":\"http:\/\/avirondijonnais.com\/index.php\/essayer-aviron\/#breadcrumb\"},\"inLanguage\":\"fr-FR\",\"potentialAction\":[{\"@type\":\"ReadAction\",\"target\":[\"http:\/\/avirondijonnais.com\/index.php\/essayer-aviron\/\"]}]},{\"@type\":\"BreadcrumbList\",\"@id\":\"http:\/\/avirondijonnais.com\/index.php\/essayer-aviron\/#breadcrumb\",\"itemListElement\":[{\"@type\":\"ListItem\",\"position\":1,\"name\":\"Accueil\",\"item\":\"https:\/\/avirondijonnais.com\/\"},{\"@type\":\"ListItem\",\"position\":2,\"name\":\"Essayez l&rsquo;aviron\"}]},{\"@type\":\"WebSite\",\"@id\":\"https:\/\/avirondijonnais.com\/#website\",\"url\":\"https:\/\/avirondijonnais.com\/\",\"name\":\"Aviron Dijonnais\",\"description\":\"L&#039;aviron loisirs, pour les jeunes, pour tous \u00e0 Dijon sur le lac kir \u00e0 la base nautique\",\"potentialAction\":[{\"@type\":\"SearchAction\",\"target\":{\"@type\":\"EntryPoint\",\"urlTemplate\":\"https:\/\/avirondijonnais.com\/?s={search_term_string}\"},\"query-input\":{\"@type\":\"PropertyValueSpecification\",\"valueRequired\":true,\"valueName\":\"search_term_string\"}}],\"inLanguage\":\"fr-FR\"}]}<\/script>\n<!-- \/ Yoast SEO plugin. -->","yoast_head_json":{"title":"Essayez l'aviron - Aviron Dijonnais","robots":{"index":"index","follow":"follow","max-snippet":"max-snippet:-1","max-image-preview":"max-image-preview:large","max-video-preview":"max-video-preview:-1"},"canonical":"http:\/\/avirondijonnais.com\/index.php\/essayer-aviron\/","og_locale":"fr_FR","og_type":"article","og_title":"Essayez l'aviron - Aviron Dijonnais","og_description":"[vc_row full_width=\u00a0\u00bbstretch_row_content\u00a0\u00bb][vc_column][vc_separator color=\u00a0\u00bbwhite\u00a0\u00bb border_width=\u00a0\u00bb6&Prime;][vc_separator style=\u00a0\u00bbshadow\u00a0\u00bb border_width=\u00a0\u00bb7&Prime;][\/vc_column][\/vc_row][vc_row full_width=\u00a0\u00bbstretch_row_content\u00a0\u00bb css=\u00a0\u00bb.vc_custom_1516702983036{margin-bottom: 10px !important;padding-right: 50px !important;padding-left: 50px !important;}\u00a0\u00bb][vc_column][vc_separator color=\u00a0\u00bbwhite\u00a0\u00bb][vc_column_text] Les initiations se d\u00e9roulent sur le lac Kir. Rendez-vous au club situ\u00e9 \u00e0 la base nautique : voici comment venir au lac Kir. [\/vc_column_text][\/vc_column][\/vc_row][vc_row full_width=\u00a0\u00bbstretch_row_content\u00a0\u00bb css=\u00a0\u00bb.vc_custom_1516702996700{padding-right: 50px !important;padding-left: 50px !important;}\u00a0\u00bb][vc_column width=\u00a0\u00bb1\/2&Prime;][vc_column_text css=\u00a0\u00bb.vc_custom_1692437669962{margin-top: 30px !important;}\u00a0\u00bb] Vous pouvez essayer l&rsquo;aviron\u00a0sur des embarcations&hellip;","og_url":"http:\/\/avirondijonnais.com\/index.php\/essayer-aviron\/","og_site_name":"Aviron Dijonnais","article_modified_time":"2025-08-22T08:45:29+00:00","twitter_card":"summary_large_image","twitter_misc":{"Dur\u00e9e de lecture estim\u00e9e":"4 minutes"},"schema":{"@context":"https:\/\/schema.org","@graph":[{"@type":"WebPage","@id":"http:\/\/avirondijonnais.com\/index.php\/essayer-aviron\/","url":"http:\/\/avirondijonnais.com\/index.php\/essayer-aviron\/","name":"Essayez l'aviron - Aviron Dijonnais","isPartOf":{"@id":"https:\/\/avirondijonnais.com\/#website"},"datePublished":"2017-12-18T13:18:20+00:00","dateModified":"2025-08-22T08:45:29+00:00","breadcrumb":{"@id":"http:\/\/avirondijonnais.com\/index.php\/essayer-aviron\/#breadcrumb"},"inLanguage":"fr-FR","potentialAction":[{"@type":"ReadAction","target":["http:\/\/avirondijonnais.com\/index.php\/essayer-aviron\/"]}]},{"@type":"BreadcrumbList","@id":"http:\/\/avirondijonnais.com\/index.php\/essayer-aviron\/#breadcrumb","itemListElement":[{"@type":"ListItem","position":1,"name":"Accueil","item":"https:\/\/avirondijonnais.com\/"},{"@type":"ListItem","position":2,"name":"Essayez l&rsquo;aviron"}]},{"@type":"WebSite","@id":"https:\/\/avirondijonnais.com\/#website","url":"https:\/\/avirondijonnais.com\/","name":"Aviron Dijonnais","description":"L&#039;aviron loisirs, pour les jeunes, pour tous \u00e0 Dijon sur le lac kir \u00e0 la base nautique","potentialAction":[{"@type":"SearchAction","target":{"@type":"EntryPoint","urlTemplate":"https:\/\/avirondijonnais.com\/?s={search_term_string}"},"query-input":{"@type":"PropertyValueSpecification","valueRequired":true,"valueName":"search_term_string"}}],"inLanguage":"fr-FR"}]}},"_links":{"self":[{"href":"https:\/\/avirondijonnais.com\/index.php\/wp-json\/wp\/v2\/pages\/14975","targetHints":{"allow":["GET"]}}],"collection":[{"href":"https:\/\/avirondijonnais.com\/index.php\/wp-json\/wp\/v2\/pages"}],"about":[{"href":"https:\/\/avirondijonnais.com\/index.php\/wp-json\/wp\/v2\/types\/page"}],"author":[{"embeddable":true,"href":"https:\/\/avirondijonnais.com\/index.php\/wp-json\/wp\/v2\/users\/1"}],"replies":[{"embeddable":true,"href":"https:\/\/avirondijonnais.com\/index.php\/wp-json\/wp\/v2\/comments?post=14975"}],"version-history":[{"count":119,"href":"https:\/\/avirondijonnais.com\/index.php\/wp-json\/wp\/v2\/pages\/14975\/revisions"}],"predecessor-version":[{"id":18231,"href":"https:\/\/avirondijonnais.com\/index.php\/wp-json\/wp\/v2\/pages\/14975\/revisions\/18231"}],"wp:attachment":[{"href":"https:\/\/avirondijonnais.com\/index.php\/wp-json\/wp\/v2\/media?parent=14975"}],"curies":[{"name":"wp","href":"https:\/\/api.w.org\/{rel}","templated":true}]}}