{"id":16074,"date":"2018-09-01T14:37:22","date_gmt":"2018-09-01T12:37:22","guid":{"rendered":"http:\/\/avirondijonnais.com\/?page_id=16074"},"modified":"2025-08-22T11:30:46","modified_gmt":"2025-08-22T09:30:46","slug":"inscriptions","status":"publish","type":"page","link":"https:\/\/avirondijonnais.com\/index.php\/inscriptions\/","title":{"rendered":"Inscriptions"},"content":{"rendered":"<div class=\"wpb-content-wrapper\"><p>[vc_row][vc_column]<div class=\"dt-fancy-separator h1-size style-disabled\" style=\"width: 100%;\"><div class=\"dt-fancy-title\" style=\"color: #4381d1;\"><span class=\"separator-holder separator-left\"><\/span>Formulaire d&#039;inscription<span class=\"separator-holder separator-right\"><\/span><\/div><\/div>[\/vc_column][\/vc_row][vc_row][vc_column][vc_separator color=\u00a0\u00bbwhite\u00a0\u00bb border_width=\u00a0\u00bb6&Prime;][vc_separator style=\u00a0\u00bbshadow\u00a0\u00bb border_width=\u00a0\u00bb7&Prime;][\/vc_column][\/vc_row][vc_row][vc_column][vc_column_text]Vous trouverez ci-dessous les liens pour t\u00e9l\u00e9charger les formulaires d&rsquo;inscription. N&rsquo;h\u00e9sitez pas \u00e9galement \u00e0 consulter notre page \u00ab\u00a0<a href=\"http:\/\/avirondijonnais.com\/index.php\/tarifs\/\">Tarifs<\/a>\u00a0\u00bb pour plus de d\u00e9tails.<br \/>\n(vous pouvez \u00e9galement demander ces documents directement au bureau du club lors de votre venue au lac).<\/p>\n<p><strong>Pour toutes inscriptions, vous devrez \u00e9galement remettre le bordereau de Notice individuelle dommages corporels de la FFA que vous pouvez t\u00e9l\u00e9charger ci-dessous. Vous trouverez \u00e9galement le <a href=\"http:\/\/avirondijonnais.com\/wp-content\/uploads\/2023\/09\/cerfa-15699-01-1-questionnaire-de-sante-qs-sport.pdf\" target=\"_blank\" rel=\"noopener\">questionnaire de sant\u00e9<\/a> (<span style=\"text-decoration: underline;\">\u00e0 remplir mais \u00e0\u00a0<\/span><\/strong><b><span style=\"text-decoration: underline;\">conserver chez vous<\/span>) ainsi que <a href=\"http:\/\/avirondijonnais.com\/wp-content\/uploads\/2023\/09\/ffaviron-attestation-questionnaire-de-sante-qs-sport-20210705124416.pdf\" target=\"_blank\" rel=\"noopener\">l&rsquo;attestation questionnaire de sant\u00e9<\/a>\u00a0qui elle seule sera \u00e0 remettre avec votre inscription<\/b><\/p>\n<p><a href=\"http:\/\/avirondijonnais.com\/wp-content\/uploads\/2025\/08\/Licence_decouverte_7_jours_2025-2026.pdf\" target=\"_blank\" rel=\"noopener\">T\u00e9l\u00e9charger le formulaire d&rsquo;initiation<\/a><\/p>\n<p><a href=\"http:\/\/avirondijonnais.com\/wp-content\/uploads\/2025\/08\/Licence_loisirs_2025-2026.pdf\" target=\"_blank\" rel=\"noopener\">T\u00e9l\u00e9charger le formulaire d&rsquo;inscription adulte<\/a><\/p>\n<p><a href=\"http:\/\/avirondijonnais.com\/wp-content\/uploads\/2025\/08\/Licence_jeune_2025-2026.pdf\" target=\"_blank\" rel=\"noopener\">T\u00e9l\u00e9charger le formulaire d&rsquo;inscription jeune<\/a><\/p>\n<p><a href=\"http:\/\/avirondijonnais.com\/wp-content\/uploads\/2025\/08\/maif-notice-individuelle-dommages-corporels-licencies-2025-2026.pdf\" target=\"_blank\" rel=\"noopener\">T\u00e9l\u00e9charger le bordereau de la notice individuelle dommages corporels de la FFA saison sportive 2025-2026<\/a>[\/vc_column_text][\/vc_column][\/vc_row]<\/p>\n<\/div>","protected":false},"excerpt":{"rendered":"<p>[vc_row][vc_column][\/vc_column][\/vc_row][vc_row][vc_column][vc_separator color=\u00a0\u00bbwhite\u00a0\u00bb border_width=\u00a0\u00bb6&Prime;][vc_separator style=\u00a0\u00bbshadow\u00a0\u00bb border_width=\u00a0\u00bb7&Prime;][\/vc_column][\/vc_row][vc_row][vc_column][vc_column_text]Vous trouverez ci-dessous les liens pour t\u00e9l\u00e9charger les formulaires d&rsquo;inscription. N&rsquo;h\u00e9sitez pas \u00e9galement \u00e0 consulter notre page \u00ab\u00a0Tarifs\u00a0\u00bb pour plus de d\u00e9tails. (vous pouvez \u00e9galement demander ces documents directement au bureau du club lors de votre venue au lac). Pour toutes inscriptions, vous devrez \u00e9galement remettre le bordereau de Notice individuelle&hellip;<\/p>\n","protected":false},"author":1,"featured_media":0,"parent":0,"menu_order":0,"comment_status":"closed","ping_status":"closed","template":"","meta":{"footnotes":""},"class_list":["post-16074","page","type-page","status-publish","hentry","description-off"],"yoast_head":"<!-- This site is optimized with the Yoast SEO plugin v26.9 - https:\/\/yoast.com\/product\/yoast-seo-wordpress\/ -->\n<title>Inscriptions - Aviron Dijonnais<\/title>\n<meta name=\"robots\" content=\"index, follow, max-snippet:-1, max-image-preview:large, max-video-preview:-1\" \/>\n<link rel=\"canonical\" href=\"http:\/\/avirondijonnais.com\/index.php\/inscriptions\/\" \/>\n<meta property=\"og:locale\" content=\"fr_FR\" \/>\n<meta property=\"og:type\" content=\"article\" \/>\n<meta property=\"og:title\" content=\"Inscriptions - Aviron Dijonnais\" \/>\n<meta property=\"og:description\" content=\"[vc_row][vc_column][\/vc_column][\/vc_row][vc_row][vc_column][vc_separator color=\u00a0\u00bbwhite\u00a0\u00bb border_width=\u00a0\u00bb6&Prime;][vc_separator style=\u00a0\u00bbshadow\u00a0\u00bb border_width=\u00a0\u00bb7&Prime;][\/vc_column][\/vc_row][vc_row][vc_column][vc_column_text]Vous trouverez ci-dessous les liens pour t\u00e9l\u00e9charger les formulaires d&rsquo;inscription. N&rsquo;h\u00e9sitez pas \u00e9galement \u00e0 consulter notre page \u00ab\u00a0Tarifs\u00a0\u00bb pour plus de d\u00e9tails. (vous pouvez \u00e9galement demander ces documents directement au bureau du club lors de votre venue au lac). Pour toutes inscriptions, vous devrez \u00e9galement remettre le bordereau de Notice individuelle&hellip;\" \/>\n<meta property=\"og:url\" content=\"http:\/\/avirondijonnais.com\/index.php\/inscriptions\/\" \/>\n<meta property=\"og:site_name\" content=\"Aviron Dijonnais\" \/>\n<meta property=\"article:modified_time\" content=\"2025-08-22T09:30:46+00:00\" \/>\n<meta name=\"twitter:card\" content=\"summary_large_image\" \/>\n<meta name=\"twitter:label1\" content=\"Dur\u00e9e de lecture estim\u00e9e\" \/>\n\t<meta name=\"twitter:data1\" content=\"1 minute\" \/>\n<script type=\"application\/ld+json\" class=\"yoast-schema-graph\">{\"@context\":\"https:\/\/schema.org\",\"@graph\":[{\"@type\":\"WebPage\",\"@id\":\"http:\/\/avirondijonnais.com\/index.php\/inscriptions\/\",\"url\":\"http:\/\/avirondijonnais.com\/index.php\/inscriptions\/\",\"name\":\"Inscriptions - Aviron Dijonnais\",\"isPartOf\":{\"@id\":\"http:\/\/avirondijonnais.com\/#website\"},\"datePublished\":\"2018-09-01T12:37:22+00:00\",\"dateModified\":\"2025-08-22T09:30:46+00:00\",\"breadcrumb\":{\"@id\":\"http:\/\/avirondijonnais.com\/index.php\/inscriptions\/#breadcrumb\"},\"inLanguage\":\"fr-FR\",\"potentialAction\":[{\"@type\":\"ReadAction\",\"target\":[\"http:\/\/avirondijonnais.com\/index.php\/inscriptions\/\"]}]},{\"@type\":\"BreadcrumbList\",\"@id\":\"http:\/\/avirondijonnais.com\/index.php\/inscriptions\/#breadcrumb\",\"itemListElement\":[{\"@type\":\"ListItem\",\"position\":1,\"name\":\"Accueil\",\"item\":\"http:\/\/avirondijonnais.com\/\"},{\"@type\":\"ListItem\",\"position\":2,\"name\":\"Inscriptions\"}]},{\"@type\":\"WebSite\",\"@id\":\"http:\/\/avirondijonnais.com\/#website\",\"url\":\"http:\/\/avirondijonnais.com\/\",\"name\":\"Aviron Dijonnais\",\"description\":\"L&#039;aviron loisirs, pour les jeunes, pour tous \u00e0 Dijon sur le lac kir \u00e0 la base nautique\",\"potentialAction\":[{\"@type\":\"SearchAction\",\"target\":{\"@type\":\"EntryPoint\",\"urlTemplate\":\"http:\/\/avirondijonnais.com\/?s={search_term_string}\"},\"query-input\":{\"@type\":\"PropertyValueSpecification\",\"valueRequired\":true,\"valueName\":\"search_term_string\"}}],\"inLanguage\":\"fr-FR\"}]}<\/script>\n<!-- \/ Yoast SEO plugin. -->","yoast_head_json":{"title":"Inscriptions - Aviron Dijonnais","robots":{"index":"index","follow":"follow","max-snippet":"max-snippet:-1","max-image-preview":"max-image-preview:large","max-video-preview":"max-video-preview:-1"},"canonical":"http:\/\/avirondijonnais.com\/index.php\/inscriptions\/","og_locale":"fr_FR","og_type":"article","og_title":"Inscriptions - Aviron Dijonnais","og_description":"[vc_row][vc_column][\/vc_column][\/vc_row][vc_row][vc_column][vc_separator color=\u00a0\u00bbwhite\u00a0\u00bb border_width=\u00a0\u00bb6&Prime;][vc_separator style=\u00a0\u00bbshadow\u00a0\u00bb border_width=\u00a0\u00bb7&Prime;][\/vc_column][\/vc_row][vc_row][vc_column][vc_column_text]Vous trouverez ci-dessous les liens pour t\u00e9l\u00e9charger les formulaires d&rsquo;inscription. N&rsquo;h\u00e9sitez pas \u00e9galement \u00e0 consulter notre page \u00ab\u00a0Tarifs\u00a0\u00bb pour plus de d\u00e9tails. (vous pouvez \u00e9galement demander ces documents directement au bureau du club lors de votre venue au lac). Pour toutes inscriptions, vous devrez \u00e9galement remettre le bordereau de Notice individuelle&hellip;","og_url":"http:\/\/avirondijonnais.com\/index.php\/inscriptions\/","og_site_name":"Aviron Dijonnais","article_modified_time":"2025-08-22T09:30:46+00:00","twitter_card":"summary_large_image","twitter_misc":{"Dur\u00e9e de lecture estim\u00e9e":"1 minute"},"schema":{"@context":"https:\/\/schema.org","@graph":[{"@type":"WebPage","@id":"http:\/\/avirondijonnais.com\/index.php\/inscriptions\/","url":"http:\/\/avirondijonnais.com\/index.php\/inscriptions\/","name":"Inscriptions - Aviron Dijonnais","isPartOf":{"@id":"http:\/\/avirondijonnais.com\/#website"},"datePublished":"2018-09-01T12:37:22+00:00","dateModified":"2025-08-22T09:30:46+00:00","breadcrumb":{"@id":"http:\/\/avirondijonnais.com\/index.php\/inscriptions\/#breadcrumb"},"inLanguage":"fr-FR","potentialAction":[{"@type":"ReadAction","target":["http:\/\/avirondijonnais.com\/index.php\/inscriptions\/"]}]},{"@type":"BreadcrumbList","@id":"http:\/\/avirondijonnais.com\/index.php\/inscriptions\/#breadcrumb","itemListElement":[{"@type":"ListItem","position":1,"name":"Accueil","item":"http:\/\/avirondijonnais.com\/"},{"@type":"ListItem","position":2,"name":"Inscriptions"}]},{"@type":"WebSite","@id":"http:\/\/avirondijonnais.com\/#website","url":"http:\/\/avirondijonnais.com\/","name":"Aviron Dijonnais","description":"L&#039;aviron loisirs, pour les jeunes, pour tous \u00e0 Dijon sur le lac kir \u00e0 la base nautique","potentialAction":[{"@type":"SearchAction","target":{"@type":"EntryPoint","urlTemplate":"http:\/\/avirondijonnais.com\/?s={search_term_string}"},"query-input":{"@type":"PropertyValueSpecification","valueRequired":true,"valueName":"search_term_string"}}],"inLanguage":"fr-FR"}]}},"_links":{"self":[{"href":"https:\/\/avirondijonnais.com\/index.php\/wp-json\/wp\/v2\/pages\/16074","targetHints":{"allow":["GET"]}}],"collection":[{"href":"https:\/\/avirondijonnais.com\/index.php\/wp-json\/wp\/v2\/pages"}],"about":[{"href":"https:\/\/avirondijonnais.com\/index.php\/wp-json\/wp\/v2\/types\/page"}],"author":[{"embeddable":true,"href":"https:\/\/avirondijonnais.com\/index.php\/wp-json\/wp\/v2\/users\/1"}],"replies":[{"embeddable":true,"href":"https:\/\/avirondijonnais.com\/index.php\/wp-json\/wp\/v2\/comments?post=16074"}],"version-history":[{"count":36,"href":"https:\/\/avirondijonnais.com\/index.php\/wp-json\/wp\/v2\/pages\/16074\/revisions"}],"predecessor-version":[{"id":18247,"href":"https:\/\/avirondijonnais.com\/index.php\/wp-json\/wp\/v2\/pages\/16074\/revisions\/18247"}],"wp:attachment":[{"href":"https:\/\/avirondijonnais.com\/index.php\/wp-json\/wp\/v2\/media?parent=16074"}],"curies":[{"name":"wp","href":"https:\/\/api.w.org\/{rel}","templated":true}]}}