{"id":16510,"date":"2019-08-25T12:01:22","date_gmt":"2019-08-25T10:01:22","guid":{"rendered":"http:\/\/avirondijonnais.com\/?page_id=16510"},"modified":"2019-08-25T12:02:55","modified_gmt":"2019-08-25T10:02:55","slug":"info-crue","status":"publish","type":"page","link":"https:\/\/avirondijonnais.com\/index.php\/navigation\/info-crue\/","title":{"rendered":"Info crue"},"content":{"rendered":"<div class=\"wpb-content-wrapper\"><p>[vc_row][vc_column]<div class=\"dt-fancy-separator h1-size style-disabled\" style=\"width: 100%;\"><div class=\"dt-fancy-title\" style=\"color: #4381d1;\"><span class=\"separator-holder separator-left\"><\/span>Info crue<span class=\"separator-holder separator-right\"><\/span><\/div><\/div>[\/vc_column][\/vc_row][vc_row][vc_column][vc_separator color=\u00a0\u00bbwhite\u00a0\u00bb border_width=\u00a0\u00bb6&Prime;][vc_separator style=\u00a0\u00bbshadow\u00a0\u00bb border_width=\u00a0\u00bb7&Prime;][\/vc_column][\/vc_row][vc_row][vc_column width=\u00a0\u00bb1\/2&Prime;]<style type=\"text\/css\" data-type=\"the7_shortcodes-inline-css\">.shortcode-single-image-wrap.shortcode-single-image-db9f00052299b9c6d8fe08b3c1634db1.enable-bg-rollover .rollover i,\n.shortcode-single-image-wrap.shortcode-single-image-db9f00052299b9c6d8fe08b3c1634db1.enable-bg-rollover .rollover-video i {\n  background: ;\n  background: -webkit-linear-gradient();\n  background: linear-gradient();\n}\n.shortcode-single-image-wrap.shortcode-single-image-db9f00052299b9c6d8fe08b3c1634db1 .rollover-icon {\n  font-size: 32px;\n  color: #ffffff;\n  min-width: 44px;\n  min-height: 44px;\n  line-height: 44px;\n  border-radius: 100px;\n  border-style: solid;\n  border-width: 0px;\n}\n.dt-icon-bg-on.shortcode-single-image-wrap.shortcode-single-image-db9f00052299b9c6d8fe08b3c1634db1 .rollover-icon {\n  background: rgba(255,255,255,0.3);\n  -webkit-box-shadow: none;\n  box-shadow: none;\n}<\/style><div class=\"shortcode-single-image-wrap shortcode-single-image-db9f00052299b9c6d8fe08b3c1634db1 alignnone  enable-bg-rollover dt-icon-bg-off\" style=\"margin-top:0px; margin-bottom:0px; margin-left:0px; margin-right:0px; width:500px;\"><div class=\"shortcode-single-image\"><div class=\"fancy-media-wrap  layzr-bg\" style=\"\"><img fetchpriority=\"high\" decoding=\"async\" class=\"preload-me lazy-load aspect\" src=\"data:image\/svg+xml,%3Csvg%20xmlns%3D&#39;http%3A%2F%2Fwww.w3.org%2F2000%2Fsvg&#39;%20viewBox%3D&#39;0%200%20500%20375&#39;%2F%3E\" data-src=\"https:\/\/avirondijonnais.com\/wp-content\/uploads\/2018\/01\/DSCN4057-23-e1540661422924-500x375.jpg\" data-srcset=\"https:\/\/avirondijonnais.com\/wp-content\/uploads\/2018\/01\/DSCN4057-23-e1540661422924-500x375.jpg 500w, https:\/\/avirondijonnais.com\/wp-content\/uploads\/2018\/01\/DSCN4057-23-e1540661422924-1000x750.jpg 1000w\" loading=\"eager\" sizes=\"(max-width: 500px) 100vw, 500px\" width=\"500\" height=\"375\"  data-dt-location=\"https:\/\/avirondijonnais.com\/dscn4057-23\/\" style=\"--ratio: 500 \/ 375;\" alt=\"\" \/><\/div><\/div><\/div>[\/vc_column][vc_column width=\u00a0\u00bb1\/2&Prime;][vc_column_text]Vous pouvez consulter en utilisant le lien suivant les informations en temps r\u00e9el sur le niveau d&rsquo;eau et le d\u00e9bit de l&rsquo;Ouche \u00e0 Plombi\u00e8res.<\/p>\n<p><a href=\"https:\/\/www.vigicrues.gouv.fr\/niv3-station.php?CdStationHydro=U132401001&amp;CdEntVigiCru=18&amp;GrdSerie=H&amp;ZoomInitial=1&amp;CdStationsSecondaires=\" target=\"_blank\" rel=\"noopener noreferrer\">Vigicrues Plombi\u00e8res-les-Dijon<\/a>\u00a0(station de r\u00e9f\u00e9rence pour les d\u00e9bits de l&rsquo;Ouche\u00a0pour le club de Dijon)[\/vc_column_text][\/vc_column][\/vc_row]<\/p>\n<\/div>","protected":false},"excerpt":{"rendered":"<p>[vc_row][vc_column][\/vc_column][\/vc_row][vc_row][vc_column][vc_separator color=\u00a0\u00bbwhite\u00a0\u00bb border_width=\u00a0\u00bb6&Prime;][vc_separator style=\u00a0\u00bbshadow\u00a0\u00bb border_width=\u00a0\u00bb7&Prime;][\/vc_column][\/vc_row][vc_row][vc_column width=\u00a0\u00bb1\/2&Prime;][\/vc_column][vc_column width=\u00a0\u00bb1\/2&Prime;][vc_column_text]Vous pouvez consulter en utilisant le lien suivant les informations en temps r\u00e9el sur le niveau d&rsquo;eau et le d\u00e9bit de l&rsquo;Ouche \u00e0 Plombi\u00e8res. Vigicrues Plombi\u00e8res-les-Dijon\u00a0(station de r\u00e9f\u00e9rence pour les d\u00e9bits de l&rsquo;Ouche\u00a0pour le club de Dijon)[\/vc_column_text][\/vc_column][\/vc_row]<\/p>\n","protected":false},"author":1,"featured_media":0,"parent":16500,"menu_order":0,"comment_status":"closed","ping_status":"closed","template":"","meta":{"footnotes":""},"class_list":["post-16510","page","type-page","status-publish","hentry","description-off"],"yoast_head":"<!-- This site is optimized with the Yoast SEO plugin v26.9 - https:\/\/yoast.com\/product\/yoast-seo-wordpress\/ -->\n<title>Info crue - Aviron Dijonnais<\/title>\n<meta name=\"robots\" content=\"index, follow, max-snippet:-1, max-image-preview:large, max-video-preview:-1\" \/>\n<link rel=\"canonical\" href=\"https:\/\/avirondijonnais.com\/index.php\/navigation\/info-crue\/\" \/>\n<meta property=\"og:locale\" content=\"fr_FR\" \/>\n<meta property=\"og:type\" content=\"article\" \/>\n<meta property=\"og:title\" content=\"Info crue - Aviron Dijonnais\" \/>\n<meta property=\"og:description\" content=\"[vc_row][vc_column][\/vc_column][\/vc_row][vc_row][vc_column][vc_separator color=\u00a0\u00bbwhite\u00a0\u00bb border_width=\u00a0\u00bb6&Prime;][vc_separator style=\u00a0\u00bbshadow\u00a0\u00bb border_width=\u00a0\u00bb7&Prime;][\/vc_column][\/vc_row][vc_row][vc_column width=\u00a0\u00bb1\/2&Prime;][\/vc_column][vc_column width=\u00a0\u00bb1\/2&Prime;][vc_column_text]Vous pouvez consulter en utilisant le lien suivant les informations en temps r\u00e9el sur le niveau d&rsquo;eau et le d\u00e9bit de l&rsquo;Ouche \u00e0 Plombi\u00e8res. Vigicrues Plombi\u00e8res-les-Dijon\u00a0(station de r\u00e9f\u00e9rence pour les d\u00e9bits de l&rsquo;Ouche\u00a0pour le club de Dijon)[\/vc_column_text][\/vc_column][\/vc_row]\" \/>\n<meta property=\"og:url\" content=\"https:\/\/avirondijonnais.com\/index.php\/navigation\/info-crue\/\" \/>\n<meta property=\"og:site_name\" content=\"Aviron Dijonnais\" \/>\n<meta property=\"article:modified_time\" content=\"2019-08-25T10:02:55+00:00\" \/>\n<meta name=\"twitter:card\" content=\"summary_large_image\" \/>\n<meta name=\"twitter:label1\" content=\"Dur\u00e9e de lecture estim\u00e9e\" \/>\n\t<meta name=\"twitter:data1\" content=\"1 minute\" \/>\n<script type=\"application\/ld+json\" class=\"yoast-schema-graph\">{\"@context\":\"https:\/\/schema.org\",\"@graph\":[{\"@type\":\"WebPage\",\"@id\":\"https:\/\/avirondijonnais.com\/index.php\/navigation\/info-crue\/\",\"url\":\"https:\/\/avirondijonnais.com\/index.php\/navigation\/info-crue\/\",\"name\":\"Info crue - Aviron Dijonnais\",\"isPartOf\":{\"@id\":\"http:\/\/avirondijonnais.com\/#website\"},\"datePublished\":\"2019-08-25T10:01:22+00:00\",\"dateModified\":\"2019-08-25T10:02:55+00:00\",\"breadcrumb\":{\"@id\":\"https:\/\/avirondijonnais.com\/index.php\/navigation\/info-crue\/#breadcrumb\"},\"inLanguage\":\"fr-FR\",\"potentialAction\":[{\"@type\":\"ReadAction\",\"target\":[\"https:\/\/avirondijonnais.com\/index.php\/navigation\/info-crue\/\"]}]},{\"@type\":\"BreadcrumbList\",\"@id\":\"https:\/\/avirondijonnais.com\/index.php\/navigation\/info-crue\/#breadcrumb\",\"itemListElement\":[{\"@type\":\"ListItem\",\"position\":1,\"name\":\"Accueil\",\"item\":\"http:\/\/avirondijonnais.com\/\"},{\"@type\":\"ListItem\",\"position\":2,\"name\":\"Navigation\",\"item\":\"https:\/\/avirondijonnais.com\/index.php\/navigation\/\"},{\"@type\":\"ListItem\",\"position\":3,\"name\":\"Info crue\"}]},{\"@type\":\"WebSite\",\"@id\":\"http:\/\/avirondijonnais.com\/#website\",\"url\":\"http:\/\/avirondijonnais.com\/\",\"name\":\"Aviron Dijonnais\",\"description\":\"L&#039;aviron loisirs, pour les jeunes, pour tous \u00e0 Dijon sur le lac kir \u00e0 la base nautique\",\"potentialAction\":[{\"@type\":\"SearchAction\",\"target\":{\"@type\":\"EntryPoint\",\"urlTemplate\":\"http:\/\/avirondijonnais.com\/?s={search_term_string}\"},\"query-input\":{\"@type\":\"PropertyValueSpecification\",\"valueRequired\":true,\"valueName\":\"search_term_string\"}}],\"inLanguage\":\"fr-FR\"}]}<\/script>\n<!-- \/ Yoast SEO plugin. -->","yoast_head_json":{"title":"Info crue - Aviron Dijonnais","robots":{"index":"index","follow":"follow","max-snippet":"max-snippet:-1","max-image-preview":"max-image-preview:large","max-video-preview":"max-video-preview:-1"},"canonical":"https:\/\/avirondijonnais.com\/index.php\/navigation\/info-crue\/","og_locale":"fr_FR","og_type":"article","og_title":"Info crue - Aviron Dijonnais","og_description":"[vc_row][vc_column][\/vc_column][\/vc_row][vc_row][vc_column][vc_separator color=\u00a0\u00bbwhite\u00a0\u00bb border_width=\u00a0\u00bb6&Prime;][vc_separator style=\u00a0\u00bbshadow\u00a0\u00bb border_width=\u00a0\u00bb7&Prime;][\/vc_column][\/vc_row][vc_row][vc_column width=\u00a0\u00bb1\/2&Prime;][\/vc_column][vc_column width=\u00a0\u00bb1\/2&Prime;][vc_column_text]Vous pouvez consulter en utilisant le lien suivant les informations en temps r\u00e9el sur le niveau d&rsquo;eau et le d\u00e9bit de l&rsquo;Ouche \u00e0 Plombi\u00e8res. Vigicrues Plombi\u00e8res-les-Dijon\u00a0(station de r\u00e9f\u00e9rence pour les d\u00e9bits de l&rsquo;Ouche\u00a0pour le club de Dijon)[\/vc_column_text][\/vc_column][\/vc_row]","og_url":"https:\/\/avirondijonnais.com\/index.php\/navigation\/info-crue\/","og_site_name":"Aviron Dijonnais","article_modified_time":"2019-08-25T10:02:55+00:00","twitter_card":"summary_large_image","twitter_misc":{"Dur\u00e9e de lecture estim\u00e9e":"1 minute"},"schema":{"@context":"https:\/\/schema.org","@graph":[{"@type":"WebPage","@id":"https:\/\/avirondijonnais.com\/index.php\/navigation\/info-crue\/","url":"https:\/\/avirondijonnais.com\/index.php\/navigation\/info-crue\/","name":"Info crue - Aviron Dijonnais","isPartOf":{"@id":"http:\/\/avirondijonnais.com\/#website"},"datePublished":"2019-08-25T10:01:22+00:00","dateModified":"2019-08-25T10:02:55+00:00","breadcrumb":{"@id":"https:\/\/avirondijonnais.com\/index.php\/navigation\/info-crue\/#breadcrumb"},"inLanguage":"fr-FR","potentialAction":[{"@type":"ReadAction","target":["https:\/\/avirondijonnais.com\/index.php\/navigation\/info-crue\/"]}]},{"@type":"BreadcrumbList","@id":"https:\/\/avirondijonnais.com\/index.php\/navigation\/info-crue\/#breadcrumb","itemListElement":[{"@type":"ListItem","position":1,"name":"Accueil","item":"http:\/\/avirondijonnais.com\/"},{"@type":"ListItem","position":2,"name":"Navigation","item":"https:\/\/avirondijonnais.com\/index.php\/navigation\/"},{"@type":"ListItem","position":3,"name":"Info crue"}]},{"@type":"WebSite","@id":"http:\/\/avirondijonnais.com\/#website","url":"http:\/\/avirondijonnais.com\/","name":"Aviron Dijonnais","description":"L&#039;aviron loisirs, pour les jeunes, pour tous \u00e0 Dijon sur le lac kir \u00e0 la base nautique","potentialAction":[{"@type":"SearchAction","target":{"@type":"EntryPoint","urlTemplate":"http:\/\/avirondijonnais.com\/?s={search_term_string}"},"query-input":{"@type":"PropertyValueSpecification","valueRequired":true,"valueName":"search_term_string"}}],"inLanguage":"fr-FR"}]}},"_links":{"self":[{"href":"https:\/\/avirondijonnais.com\/index.php\/wp-json\/wp\/v2\/pages\/16510","targetHints":{"allow":["GET"]}}],"collection":[{"href":"https:\/\/avirondijonnais.com\/index.php\/wp-json\/wp\/v2\/pages"}],"about":[{"href":"https:\/\/avirondijonnais.com\/index.php\/wp-json\/wp\/v2\/types\/page"}],"author":[{"embeddable":true,"href":"https:\/\/avirondijonnais.com\/index.php\/wp-json\/wp\/v2\/users\/1"}],"replies":[{"embeddable":true,"href":"https:\/\/avirondijonnais.com\/index.php\/wp-json\/wp\/v2\/comments?post=16510"}],"version-history":[{"count":6,"href":"https:\/\/avirondijonnais.com\/index.php\/wp-json\/wp\/v2\/pages\/16510\/revisions"}],"predecessor-version":[{"id":16517,"href":"https:\/\/avirondijonnais.com\/index.php\/wp-json\/wp\/v2\/pages\/16510\/revisions\/16517"}],"up":[{"embeddable":true,"href":"https:\/\/avirondijonnais.com\/index.php\/wp-json\/wp\/v2\/pages\/16500"}],"wp:attachment":[{"href":"https:\/\/avirondijonnais.com\/index.php\/wp-json\/wp\/v2\/media?parent=16510"}],"curies":[{"name":"wp","href":"https:\/\/api.w.org\/{rel}","templated":true}]}}