{"id":16519,"date":"2019-08-25T12:13:21","date_gmt":"2019-08-25T10:13:21","guid":{"rendered":"http:\/\/avirondijonnais.com\/?page_id=16519"},"modified":"2019-08-31T19:01:29","modified_gmt":"2019-08-31T17:01:29","slug":"plan-de-navigation","status":"publish","type":"page","link":"https:\/\/avirondijonnais.com\/index.php\/navigation\/plan-de-navigation\/","title":{"rendered":"Plan de navigation"},"content":{"rendered":"<div class=\"wpb-content-wrapper\"><p>[vc_row][vc_column]<div class=\"dt-fancy-separator h1-size style-disabled\" style=\"width: 100%;\"><div class=\"dt-fancy-title\" style=\"color: #1e73be;\"><span class=\"separator-holder separator-left\"><\/span>Plan de navigation<span class=\"separator-holder separator-right\"><\/span><\/div><\/div>[vc_separator color=\u00a0\u00bbwhite\u00a0\u00bb border_width=\u00a0\u00bb5&Prime;][vc_separator style=\u00a0\u00bbshadow\u00a0\u00bb border_width=\u00a0\u00bb5&Prime;][vc_column_text]<\/p>\n<h3>La sortie sur le lac Kir<\/h3>\n<p>Sur le lac Kir, vous naviguez autour de la ligne d\u2019eau aviron, situ\u00e9e le long de la berge oppos\u00e9e aux pontons. Pour rejoindre votre ligne d\u2019eau, au d\u00e9part du ponton vous traversez perpendiculairement la ligne d&rsquo;eau du cano\u00eb-kayak puis vous partez en direction de Plombi\u00e8res-l\u00e8s-Dijon. Respectez le sens de circulation, le long de la berge en descendant (direction Dijon), le long de la ligne d&rsquo;eau aviron en remontant (direction Plombi\u00e8res-l\u00e8s-Dijon). <strong>Retournez-vous r\u00e9guli\u00e8rement et contr\u00f4lez si vous \u00eates dans la bonne ligne d\u2019eau et qu\u2019il n\u2019y a pas d\u2019obstacle.<\/strong> Le retour au ponton se fait de la m\u00eame mani\u00e8re que le d\u00e9part.[\/vc_column_text][\/vc_column][\/vc_row][vc_row][vc_column]<style type=\"text\/css\" data-type=\"the7_shortcodes-inline-css\">.shortcode-single-image-wrap.shortcode-single-image-5cd157b43c1306623fddac5cd3b1ba98.enable-bg-rollover .rollover i,\n.shortcode-single-image-wrap.shortcode-single-image-5cd157b43c1306623fddac5cd3b1ba98.enable-bg-rollover .rollover-video i {\n  background: ;\n  background: -webkit-linear-gradient();\n  background: linear-gradient();\n}\n.shortcode-single-image-wrap.shortcode-single-image-5cd157b43c1306623fddac5cd3b1ba98 .rollover-icon {\n  font-size: 32px;\n  color: #ffffff;\n  min-width: 44px;\n  min-height: 44px;\n  line-height: 44px;\n  border-radius: 100px;\n  border-style: solid;\n  border-width: 0px;\n}\n.dt-icon-bg-on.shortcode-single-image-wrap.shortcode-single-image-5cd157b43c1306623fddac5cd3b1ba98 .rollover-icon {\n  background: rgba(255,255,255,0.3);\n  -webkit-box-shadow: none;\n  box-shadow: none;\n}<\/style><div class=\"shortcode-single-image-wrap shortcode-single-image-5cd157b43c1306623fddac5cd3b1ba98 alignnone  enable-bg-rollover dt-icon-bg-off\" style=\"margin-top:0px; margin-bottom:0px; margin-left:0px; margin-right:0px; width:1276px;\"><div class=\"shortcode-single-image\"><div class=\"fancy-media-wrap  layzr-bg\" style=\"\"><img fetchpriority=\"high\" decoding=\"async\" class=\"preload-me lazy-load aspect\" src=\"data:image\/svg+xml,%3Csvg%20xmlns%3D&#39;http%3A%2F%2Fwww.w3.org%2F2000%2Fsvg&#39;%20viewBox%3D&#39;0%200%201276%20621&#39;%2F%3E\" data-src=\"https:\/\/avirondijonnais.com\/wp-content\/uploads\/2019\/08\/aviron_dijonnais_plan_navigation.jpg\" data-srcset=\"https:\/\/avirondijonnais.com\/wp-content\/uploads\/2019\/08\/aviron_dijonnais_plan_navigation.jpg 1276w\" loading=\"eager\" sizes=\"(max-width: 1276px) 100vw, 1276px\" width=\"1276\" height=\"621\"  data-dt-location=\"https:\/\/avirondijonnais.com\/index.php\/navigation\/plan-de-navigation\/aviron_dijonnais_plan_navigation\/\" style=\"--ratio: 1276 \/ 621;\" alt=\"Aviron - plan de navigation\" \/><\/div><\/div><\/div>[vc_column_text]<\/p>\n<h3>La sortie sur le canal de Bourgogne<\/h3>\n<p>Sur le canal, <strong>naviguez toujours pr\u00e8s de la rive qui est sur votre gauche<\/strong> (distance 1 \u00e0 2 m). Si vous \u00eates seuls, <strong>retournez-vous r\u00e9guli\u00e8rement<\/strong>, pour vous assurer que votre ligne d\u2019eau est d\u00e9gag\u00e9e (autres bateaux, obstacles&#8230;).[\/vc_column_text][\/vc_column][\/vc_row][vc_row][vc_column][\/vc_column][\/vc_row]<\/p>\n<\/div>","protected":false},"excerpt":{"rendered":"<p>[vc_row][vc_column][vc_separator color=\u00a0\u00bbwhite\u00a0\u00bb border_width=\u00a0\u00bb5&Prime;][vc_separator style=\u00a0\u00bbshadow\u00a0\u00bb border_width=\u00a0\u00bb5&Prime;][vc_column_text] La sortie sur le lac Kir Sur le lac Kir, vous naviguez autour de la ligne d\u2019eau aviron, situ\u00e9e le long de la berge oppos\u00e9e aux pontons. Pour rejoindre votre ligne d\u2019eau, au d\u00e9part du ponton vous traversez perpendiculairement la ligne d&rsquo;eau du cano\u00eb-kayak puis vous partez en direction de&hellip;<\/p>\n","protected":false},"author":1,"featured_media":0,"parent":16500,"menu_order":0,"comment_status":"closed","ping_status":"closed","template":"","meta":{"footnotes":""},"class_list":["post-16519","page","type-page","status-publish","hentry","description-off"],"yoast_head":"<!-- This site is optimized with the Yoast SEO plugin v26.9 - https:\/\/yoast.com\/product\/yoast-seo-wordpress\/ -->\n<title>Plan de navigation - Aviron Dijonnais<\/title>\n<meta name=\"robots\" content=\"index, follow, max-snippet:-1, max-image-preview:large, max-video-preview:-1\" \/>\n<link rel=\"canonical\" href=\"http:\/\/avirondijonnais.com\/index.php\/navigation\/plan-de-navigation\/\" \/>\n<meta property=\"og:locale\" content=\"fr_FR\" \/>\n<meta property=\"og:type\" content=\"article\" \/>\n<meta property=\"og:title\" content=\"Plan de navigation - Aviron Dijonnais\" \/>\n<meta property=\"og:description\" content=\"[vc_row][vc_column][vc_separator color=\u00a0\u00bbwhite\u00a0\u00bb border_width=\u00a0\u00bb5&Prime;][vc_separator style=\u00a0\u00bbshadow\u00a0\u00bb border_width=\u00a0\u00bb5&Prime;][vc_column_text] La sortie sur le lac Kir Sur le lac Kir, vous naviguez autour de la ligne d\u2019eau aviron, situ\u00e9e le long de la berge oppos\u00e9e aux pontons. Pour rejoindre votre ligne d\u2019eau, au d\u00e9part du ponton vous traversez perpendiculairement la ligne d&rsquo;eau du cano\u00eb-kayak puis vous partez en direction de&hellip;\" \/>\n<meta property=\"og:url\" content=\"http:\/\/avirondijonnais.com\/index.php\/navigation\/plan-de-navigation\/\" \/>\n<meta property=\"og:site_name\" content=\"Aviron Dijonnais\" \/>\n<meta property=\"article:modified_time\" content=\"2019-08-31T17:01:29+00:00\" \/>\n<meta name=\"twitter:card\" content=\"summary_large_image\" \/>\n<meta name=\"twitter:label1\" content=\"Dur\u00e9e de lecture estim\u00e9e\" \/>\n\t<meta name=\"twitter:data1\" content=\"1 minute\" \/>\n<script type=\"application\/ld+json\" class=\"yoast-schema-graph\">{\"@context\":\"https:\/\/schema.org\",\"@graph\":[{\"@type\":\"WebPage\",\"@id\":\"http:\/\/avirondijonnais.com\/index.php\/navigation\/plan-de-navigation\/\",\"url\":\"http:\/\/avirondijonnais.com\/index.php\/navigation\/plan-de-navigation\/\",\"name\":\"Plan de navigation - Aviron Dijonnais\",\"isPartOf\":{\"@id\":\"https:\/\/avirondijonnais.com\/#website\"},\"datePublished\":\"2019-08-25T10:13:21+00:00\",\"dateModified\":\"2019-08-31T17:01:29+00:00\",\"breadcrumb\":{\"@id\":\"http:\/\/avirondijonnais.com\/index.php\/navigation\/plan-de-navigation\/#breadcrumb\"},\"inLanguage\":\"fr-FR\",\"potentialAction\":[{\"@type\":\"ReadAction\",\"target\":[\"http:\/\/avirondijonnais.com\/index.php\/navigation\/plan-de-navigation\/\"]}]},{\"@type\":\"BreadcrumbList\",\"@id\":\"http:\/\/avirondijonnais.com\/index.php\/navigation\/plan-de-navigation\/#breadcrumb\",\"itemListElement\":[{\"@type\":\"ListItem\",\"position\":1,\"name\":\"Accueil\",\"item\":\"https:\/\/avirondijonnais.com\/\"},{\"@type\":\"ListItem\",\"position\":2,\"name\":\"Navigation\",\"item\":\"http:\/\/avirondijonnais.com\/index.php\/navigation\/\"},{\"@type\":\"ListItem\",\"position\":3,\"name\":\"Plan de navigation\"}]},{\"@type\":\"WebSite\",\"@id\":\"https:\/\/avirondijonnais.com\/#website\",\"url\":\"https:\/\/avirondijonnais.com\/\",\"name\":\"Aviron Dijonnais\",\"description\":\"L&#039;aviron loisirs, pour les jeunes, pour tous \u00e0 Dijon sur le lac kir \u00e0 la base nautique\",\"potentialAction\":[{\"@type\":\"SearchAction\",\"target\":{\"@type\":\"EntryPoint\",\"urlTemplate\":\"https:\/\/avirondijonnais.com\/?s={search_term_string}\"},\"query-input\":{\"@type\":\"PropertyValueSpecification\",\"valueRequired\":true,\"valueName\":\"search_term_string\"}}],\"inLanguage\":\"fr-FR\"}]}<\/script>\n<!-- \/ Yoast SEO plugin. -->","yoast_head_json":{"title":"Plan de navigation - Aviron Dijonnais","robots":{"index":"index","follow":"follow","max-snippet":"max-snippet:-1","max-image-preview":"max-image-preview:large","max-video-preview":"max-video-preview:-1"},"canonical":"http:\/\/avirondijonnais.com\/index.php\/navigation\/plan-de-navigation\/","og_locale":"fr_FR","og_type":"article","og_title":"Plan de navigation - Aviron Dijonnais","og_description":"[vc_row][vc_column][vc_separator color=\u00a0\u00bbwhite\u00a0\u00bb border_width=\u00a0\u00bb5&Prime;][vc_separator style=\u00a0\u00bbshadow\u00a0\u00bb border_width=\u00a0\u00bb5&Prime;][vc_column_text] La sortie sur le lac Kir Sur le lac Kir, vous naviguez autour de la ligne d\u2019eau aviron, situ\u00e9e le long de la berge oppos\u00e9e aux pontons. Pour rejoindre votre ligne d\u2019eau, au d\u00e9part du ponton vous traversez perpendiculairement la ligne d&rsquo;eau du cano\u00eb-kayak puis vous partez en direction de&hellip;","og_url":"http:\/\/avirondijonnais.com\/index.php\/navigation\/plan-de-navigation\/","og_site_name":"Aviron Dijonnais","article_modified_time":"2019-08-31T17:01:29+00:00","twitter_card":"summary_large_image","twitter_misc":{"Dur\u00e9e de lecture estim\u00e9e":"1 minute"},"schema":{"@context":"https:\/\/schema.org","@graph":[{"@type":"WebPage","@id":"http:\/\/avirondijonnais.com\/index.php\/navigation\/plan-de-navigation\/","url":"http:\/\/avirondijonnais.com\/index.php\/navigation\/plan-de-navigation\/","name":"Plan de navigation - Aviron Dijonnais","isPartOf":{"@id":"https:\/\/avirondijonnais.com\/#website"},"datePublished":"2019-08-25T10:13:21+00:00","dateModified":"2019-08-31T17:01:29+00:00","breadcrumb":{"@id":"http:\/\/avirondijonnais.com\/index.php\/navigation\/plan-de-navigation\/#breadcrumb"},"inLanguage":"fr-FR","potentialAction":[{"@type":"ReadAction","target":["http:\/\/avirondijonnais.com\/index.php\/navigation\/plan-de-navigation\/"]}]},{"@type":"BreadcrumbList","@id":"http:\/\/avirondijonnais.com\/index.php\/navigation\/plan-de-navigation\/#breadcrumb","itemListElement":[{"@type":"ListItem","position":1,"name":"Accueil","item":"https:\/\/avirondijonnais.com\/"},{"@type":"ListItem","position":2,"name":"Navigation","item":"http:\/\/avirondijonnais.com\/index.php\/navigation\/"},{"@type":"ListItem","position":3,"name":"Plan de navigation"}]},{"@type":"WebSite","@id":"https:\/\/avirondijonnais.com\/#website","url":"https:\/\/avirondijonnais.com\/","name":"Aviron Dijonnais","description":"L&#039;aviron loisirs, pour les jeunes, pour tous \u00e0 Dijon sur le lac kir \u00e0 la base nautique","potentialAction":[{"@type":"SearchAction","target":{"@type":"EntryPoint","urlTemplate":"https:\/\/avirondijonnais.com\/?s={search_term_string}"},"query-input":{"@type":"PropertyValueSpecification","valueRequired":true,"valueName":"search_term_string"}}],"inLanguage":"fr-FR"}]}},"_links":{"self":[{"href":"https:\/\/avirondijonnais.com\/index.php\/wp-json\/wp\/v2\/pages\/16519","targetHints":{"allow":["GET"]}}],"collection":[{"href":"https:\/\/avirondijonnais.com\/index.php\/wp-json\/wp\/v2\/pages"}],"about":[{"href":"https:\/\/avirondijonnais.com\/index.php\/wp-json\/wp\/v2\/types\/page"}],"author":[{"embeddable":true,"href":"https:\/\/avirondijonnais.com\/index.php\/wp-json\/wp\/v2\/users\/1"}],"replies":[{"embeddable":true,"href":"https:\/\/avirondijonnais.com\/index.php\/wp-json\/wp\/v2\/comments?post=16519"}],"version-history":[{"count":10,"href":"https:\/\/avirondijonnais.com\/index.php\/wp-json\/wp\/v2\/pages\/16519\/revisions"}],"predecessor-version":[{"id":16535,"href":"https:\/\/avirondijonnais.com\/index.php\/wp-json\/wp\/v2\/pages\/16519\/revisions\/16535"}],"up":[{"embeddable":true,"href":"https:\/\/avirondijonnais.com\/index.php\/wp-json\/wp\/v2\/pages\/16500"}],"wp:attachment":[{"href":"https:\/\/avirondijonnais.com\/index.php\/wp-json\/wp\/v2\/media?parent=16519"}],"curies":[{"name":"wp","href":"https:\/\/api.w.org\/{rel}","templated":true}]}}