{"id":16631,"date":"2020-02-02T12:34:06","date_gmt":"2020-02-02T11:34:06","guid":{"rendered":"http:\/\/avirondijonnais.com\/?page_id=16631"},"modified":"2022-11-06T23:05:35","modified_gmt":"2022-11-06T22:05:35","slug":"aviron-universitaire","status":"publish","type":"page","link":"https:\/\/avirondijonnais.com\/index.php\/club\/aviron-universitaire\/","title":{"rendered":"Aviron universitaire"},"content":{"rendered":"<div class=\"wpb-content-wrapper\"><p>[vc_row][vc_column]<div class=\"dt-fancy-separator h1-size\" style=\"width: 100%;\"><div class=\"dt-fancy-title\" style=\"color: #1e73be;\"><span class=\"separator-holder separator-left\"><\/span>Aviron Universitaire<span class=\"separator-holder separator-right\"><\/span><\/div><\/div>[vc_separator color=\u00a0\u00bbwhite\u00a0\u00bb border_width=\u00a0\u00bb6&Prime;][\/vc_column][\/vc_row][vc_row][vc_column width=\u00a0\u00bb1\/2&Prime;][vc_column_text]L\u2019Aviron Dijonnais propose depuis 4 ans l\u2019encadrement des \u00e9tudiants. Nous sommes heureux de pouvoir vous accueillir et vous accompagner dans vos projets sportifs pendants vos \u00e9tudes.<\/p>\n<p>Pour les \u00e9tudiants de l&rsquo;Universit\u00e9 de Bourgogne, vous pouvez vous inscrire via le <a href=\"https:\/\/suaps.u-bourgogne.fr\/sports-de-plein-air\/\" target=\"_blank\" rel=\"noopener noreferrer\">SUAPS<\/a>.<br \/>\n(si votre \u00e9tablissement n\u2019est pas conventionn\u00e9 SUAPS, rapprochez-vous du bureau de la FFSU \u00e0 la <a href=\"https:\/\/suaps.u-bourgogne.fr\/suaps\/\" target=\"_blank\" rel=\"noopener noreferrer\">maison des sports de l\u2019Universit\u00e9 de Bourgogne)<\/a><\/p>\n<p>Les entrainements sont organis\u00e9s au <a href=\"http:\/\/avirondijonnais.com\/index.php\/contact\/\" target=\"_blank\" rel=\"noopener noreferrer\">club de l\u2019Aviron Dijonnais \u00e0 la base nautique<\/a>\u00a0du lac Kir aux horaires suivantes :<br \/>\nJeudi : 14H30 \u2013 17H00<\/p>\n<p>Rdv \u00e0 la base nautique du lac Kir[\/vc_column_text][\/vc_column][vc_column width=\u00a0\u00bb1\/2&Prime;][vc_single_image image=\u00a0\u00bb16030&Prime; img_size=\u00a0\u00bbfull\u00a0\u00bb][\/vc_column][\/vc_row]<\/p>\n<\/div>","protected":false},"excerpt":{"rendered":"<p>[vc_row][vc_column][vc_separator color=\u00a0\u00bbwhite\u00a0\u00bb border_width=\u00a0\u00bb6&Prime;][\/vc_column][\/vc_row][vc_row][vc_column width=\u00a0\u00bb1\/2&Prime;][vc_column_text]L\u2019Aviron Dijonnais propose depuis 4 ans l\u2019encadrement des \u00e9tudiants. Nous sommes heureux de pouvoir vous accueillir et vous accompagner dans vos projets sportifs pendants vos \u00e9tudes. Pour les \u00e9tudiants de l&rsquo;Universit\u00e9 de Bourgogne, vous pouvez vous inscrire via le SUAPS. (si votre \u00e9tablissement n\u2019est pas conventionn\u00e9 SUAPS, rapprochez-vous du bureau de la&hellip;<\/p>\n","protected":false},"author":1,"featured_media":0,"parent":14947,"menu_order":0,"comment_status":"closed","ping_status":"closed","template":"","meta":{"footnotes":""},"class_list":["post-16631","page","type-page","status-publish","hentry","description-off"],"yoast_head":"<!-- This site is optimized with the Yoast SEO plugin v27.5 - https:\/\/yoast.com\/product\/yoast-seo-wordpress\/ -->\n<title>Aviron universitaire - Aviron Dijonnais<\/title>\n<meta name=\"robots\" content=\"index, follow, max-snippet:-1, max-image-preview:large, max-video-preview:-1\" \/>\n<link rel=\"canonical\" href=\"https:\/\/avirondijonnais.com\/index.php\/club\/aviron-universitaire\/\" \/>\n<meta property=\"og:locale\" content=\"fr_FR\" \/>\n<meta property=\"og:type\" content=\"article\" \/>\n<meta property=\"og:title\" content=\"Aviron universitaire - Aviron Dijonnais\" \/>\n<meta property=\"og:description\" content=\"[vc_row][vc_column][vc_separator color=\u00a0\u00bbwhite\u00a0\u00bb border_width=\u00a0\u00bb6&Prime;][\/vc_column][\/vc_row][vc_row][vc_column width=\u00a0\u00bb1\/2&Prime;][vc_column_text]L\u2019Aviron Dijonnais propose depuis 4 ans l\u2019encadrement des \u00e9tudiants. Nous sommes heureux de pouvoir vous accueillir et vous accompagner dans vos projets sportifs pendants vos \u00e9tudes. Pour les \u00e9tudiants de l&rsquo;Universit\u00e9 de Bourgogne, vous pouvez vous inscrire via le SUAPS. (si votre \u00e9tablissement n\u2019est pas conventionn\u00e9 SUAPS, rapprochez-vous du bureau de la&hellip;\" \/>\n<meta property=\"og:url\" content=\"https:\/\/avirondijonnais.com\/index.php\/club\/aviron-universitaire\/\" \/>\n<meta property=\"og:site_name\" content=\"Aviron Dijonnais\" \/>\n<meta property=\"article:modified_time\" content=\"2022-11-06T22:05:35+00:00\" \/>\n<meta name=\"twitter:card\" content=\"summary_large_image\" \/>\n<meta name=\"twitter:label1\" content=\"Dur\u00e9e de lecture estim\u00e9e\" \/>\n\t<meta name=\"twitter:data1\" content=\"1 minute\" \/>\n<script type=\"application\/ld+json\" class=\"yoast-schema-graph\">{\"@context\":\"https:\\\/\\\/schema.org\",\"@graph\":[{\"@type\":\"WebPage\",\"@id\":\"https:\\\/\\\/avirondijonnais.com\\\/index.php\\\/club\\\/aviron-universitaire\\\/\",\"url\":\"https:\\\/\\\/avirondijonnais.com\\\/index.php\\\/club\\\/aviron-universitaire\\\/\",\"name\":\"Aviron universitaire - Aviron Dijonnais\",\"isPartOf\":{\"@id\":\"https:\\\/\\\/avirondijonnais.com\\\/#website\"},\"datePublished\":\"2020-02-02T11:34:06+00:00\",\"dateModified\":\"2022-11-06T22:05:35+00:00\",\"breadcrumb\":{\"@id\":\"https:\\\/\\\/avirondijonnais.com\\\/index.php\\\/club\\\/aviron-universitaire\\\/#breadcrumb\"},\"inLanguage\":\"fr-FR\",\"potentialAction\":[{\"@type\":\"ReadAction\",\"target\":[\"https:\\\/\\\/avirondijonnais.com\\\/index.php\\\/club\\\/aviron-universitaire\\\/\"]}]},{\"@type\":\"BreadcrumbList\",\"@id\":\"https:\\\/\\\/avirondijonnais.com\\\/index.php\\\/club\\\/aviron-universitaire\\\/#breadcrumb\",\"itemListElement\":[{\"@type\":\"ListItem\",\"position\":1,\"name\":\"Accueil\",\"item\":\"https:\\\/\\\/avirondijonnais.com\\\/\"},{\"@type\":\"ListItem\",\"position\":2,\"name\":\"Venez ramer\",\"item\":\"http:\\\/\\\/avirondijonnais.com\\\/index.php\\\/club\\\/\"},{\"@type\":\"ListItem\",\"position\":3,\"name\":\"Aviron universitaire\"}]},{\"@type\":\"WebSite\",\"@id\":\"https:\\\/\\\/avirondijonnais.com\\\/#website\",\"url\":\"https:\\\/\\\/avirondijonnais.com\\\/\",\"name\":\"Aviron Dijonnais\",\"description\":\"L&#039;aviron loisirs, pour les jeunes, pour tous \u00e0 Dijon sur le lac kir \u00e0 la base nautique\",\"potentialAction\":[{\"@type\":\"SearchAction\",\"target\":{\"@type\":\"EntryPoint\",\"urlTemplate\":\"https:\\\/\\\/avirondijonnais.com\\\/?s={search_term_string}\"},\"query-input\":{\"@type\":\"PropertyValueSpecification\",\"valueRequired\":true,\"valueName\":\"search_term_string\"}}],\"inLanguage\":\"fr-FR\"}]}<\/script>\n<!-- \/ Yoast SEO plugin. -->","yoast_head_json":{"title":"Aviron universitaire - Aviron Dijonnais","robots":{"index":"index","follow":"follow","max-snippet":"max-snippet:-1","max-image-preview":"max-image-preview:large","max-video-preview":"max-video-preview:-1"},"canonical":"https:\/\/avirondijonnais.com\/index.php\/club\/aviron-universitaire\/","og_locale":"fr_FR","og_type":"article","og_title":"Aviron universitaire - Aviron Dijonnais","og_description":"[vc_row][vc_column][vc_separator color=\u00a0\u00bbwhite\u00a0\u00bb border_width=\u00a0\u00bb6&Prime;][\/vc_column][\/vc_row][vc_row][vc_column width=\u00a0\u00bb1\/2&Prime;][vc_column_text]L\u2019Aviron Dijonnais propose depuis 4 ans l\u2019encadrement des \u00e9tudiants. Nous sommes heureux de pouvoir vous accueillir et vous accompagner dans vos projets sportifs pendants vos \u00e9tudes. Pour les \u00e9tudiants de l&rsquo;Universit\u00e9 de Bourgogne, vous pouvez vous inscrire via le SUAPS. (si votre \u00e9tablissement n\u2019est pas conventionn\u00e9 SUAPS, rapprochez-vous du bureau de la&hellip;","og_url":"https:\/\/avirondijonnais.com\/index.php\/club\/aviron-universitaire\/","og_site_name":"Aviron Dijonnais","article_modified_time":"2022-11-06T22:05:35+00:00","twitter_card":"summary_large_image","twitter_misc":{"Dur\u00e9e de lecture estim\u00e9e":"1 minute"},"schema":{"@context":"https:\/\/schema.org","@graph":[{"@type":"WebPage","@id":"https:\/\/avirondijonnais.com\/index.php\/club\/aviron-universitaire\/","url":"https:\/\/avirondijonnais.com\/index.php\/club\/aviron-universitaire\/","name":"Aviron universitaire - Aviron Dijonnais","isPartOf":{"@id":"https:\/\/avirondijonnais.com\/#website"},"datePublished":"2020-02-02T11:34:06+00:00","dateModified":"2022-11-06T22:05:35+00:00","breadcrumb":{"@id":"https:\/\/avirondijonnais.com\/index.php\/club\/aviron-universitaire\/#breadcrumb"},"inLanguage":"fr-FR","potentialAction":[{"@type":"ReadAction","target":["https:\/\/avirondijonnais.com\/index.php\/club\/aviron-universitaire\/"]}]},{"@type":"BreadcrumbList","@id":"https:\/\/avirondijonnais.com\/index.php\/club\/aviron-universitaire\/#breadcrumb","itemListElement":[{"@type":"ListItem","position":1,"name":"Accueil","item":"https:\/\/avirondijonnais.com\/"},{"@type":"ListItem","position":2,"name":"Venez ramer","item":"http:\/\/avirondijonnais.com\/index.php\/club\/"},{"@type":"ListItem","position":3,"name":"Aviron universitaire"}]},{"@type":"WebSite","@id":"https:\/\/avirondijonnais.com\/#website","url":"https:\/\/avirondijonnais.com\/","name":"Aviron Dijonnais","description":"L&#039;aviron loisirs, pour les jeunes, pour tous \u00e0 Dijon sur le lac kir \u00e0 la base nautique","potentialAction":[{"@type":"SearchAction","target":{"@type":"EntryPoint","urlTemplate":"https:\/\/avirondijonnais.com\/?s={search_term_string}"},"query-input":{"@type":"PropertyValueSpecification","valueRequired":true,"valueName":"search_term_string"}}],"inLanguage":"fr-FR"}]}},"_links":{"self":[{"href":"https:\/\/avirondijonnais.com\/index.php\/wp-json\/wp\/v2\/pages\/16631","targetHints":{"allow":["GET"]}}],"collection":[{"href":"https:\/\/avirondijonnais.com\/index.php\/wp-json\/wp\/v2\/pages"}],"about":[{"href":"https:\/\/avirondijonnais.com\/index.php\/wp-json\/wp\/v2\/types\/page"}],"author":[{"embeddable":true,"href":"https:\/\/avirondijonnais.com\/index.php\/wp-json\/wp\/v2\/users\/1"}],"replies":[{"embeddable":true,"href":"https:\/\/avirondijonnais.com\/index.php\/wp-json\/wp\/v2\/comments?post=16631"}],"version-history":[{"count":8,"href":"https:\/\/avirondijonnais.com\/index.php\/wp-json\/wp\/v2\/pages\/16631\/revisions"}],"predecessor-version":[{"id":17414,"href":"https:\/\/avirondijonnais.com\/index.php\/wp-json\/wp\/v2\/pages\/16631\/revisions\/17414"}],"up":[{"embeddable":true,"href":"https:\/\/avirondijonnais.com\/index.php\/wp-json\/wp\/v2\/pages\/14947"}],"wp:attachment":[{"href":"https:\/\/avirondijonnais.com\/index.php\/wp-json\/wp\/v2\/media?parent=16631"}],"curies":[{"name":"wp","href":"https:\/\/api.w.org\/{rel}","templated":true}]}}